{"id":322733,"date":"2024-04-27T13:02:29","date_gmt":"2024-04-27T11:02:29","guid":{"rendered":"https:\/\/www.pomoline.com\/web-pruebas\/producto\/pomo-abs-con-serigrafia-ropa-bebe-tirador-mueble-infantil\/"},"modified":"2025-03-13T23:24:50","modified_gmt":"2025-03-13T22:24:50","slug":"bouton-abs-con-serigrafie-vetements-meuble-enfant-bebe-poignee","status":"publish","type":"product","link":"https:\/\/www.pomoline.com\/fr\/produit\/bouton-abs-con-serigrafie-vetements-meuble-enfant-bebe-poignee\/","title":{"rendered":"BOUTON ABS CON S\u00c9RIGRAFI\u00c9 V\u00caTEMENTS | MEUBLE ENFANT B\u00c9B\u00c9 POIGN\u00c9E"},"content":{"rendered":"<p>Boutons d&rsquo;enfants avec des dessins s\u00e9rigraphi\u00e9s. Vos enfants aimeront avoir une chambre avec des poign\u00e9es de meubles tr\u00e8s color\u00e9es et amusantes. Ce mod\u00e8le particulier est le MOD 745 bouton abs con s\u00e9rigrafi\u00e9 v\u00eatements | meuble enfant b\u00e9b\u00e9 poign\u00e9e<\/p>\n","protected":false},"excerpt":{"rendered":"<p>Boutons d&rsquo;enfants avec des dessins s\u00e9rigraphi\u00e9s. Vos enfants aimeront avoir une chambre avec des poign\u00e9es de meubles tr\u00e8s color\u00e9es et amusantes. Ce mod\u00e8le particulier est le MOD 745 bouton abs con s\u00e9rigrafi\u00e9 v\u00eatements | meuble enfant b\u00e9b\u00e9 poign\u00e9e<\/p>\n","protected":false},"featured_media":409570,"template":"","meta":{"_joinchat":[]},"product_brand":[],"product_cat":[995],"product_tag":[],"class_list":{"0":"post-322733","1":"product","2":"type-product","3":"status-publish","4":"has-post-thumbnail","6":"product_cat-boutons-meuble-pour-enfants-bebe","7":"pa_color-bleu-clair-poignees-boutons-pieds-meuble-portamanteaux-mur-porte","8":"pa_color-rose-poignees-boutons-pieds-meuble-portamanteaux-mur-porte","9":"pa_tendencia-boutons-meuble-bebe-poignees-tiroir-chambre-enfants","11":"first","12":"instock","13":"taxable","14":"shipping-taxable","15":"purchasable","16":"product-type-variable","17":"has-default-attributes","18":"wvs-archive-product-wrapper"},"_links":{"self":[{"href":"https:\/\/www.pomoline.com\/fr\/wp-json\/wp\/v2\/product\/322733","targetHints":{"allow":["GET"]}}],"collection":[{"href":"https:\/\/www.pomoline.com\/fr\/wp-json\/wp\/v2\/product"}],"about":[{"href":"https:\/\/www.pomoline.com\/fr\/wp-json\/wp\/v2\/types\/product"}],"wp:featuredmedia":[{"embeddable":true,"href":"https:\/\/www.pomoline.com\/fr\/wp-json\/wp\/v2\/media\/409570"}],"wp:attachment":[{"href":"https:\/\/www.pomoline.com\/fr\/wp-json\/wp\/v2\/media?parent=322733"}],"wp:term":[{"taxonomy":"product_brand","embeddable":true,"href":"https:\/\/www.pomoline.com\/fr\/wp-json\/wp\/v2\/product_brand?post=322733"},{"taxonomy":"product_cat","embeddable":true,"href":"https:\/\/www.pomoline.com\/fr\/wp-json\/wp\/v2\/product_cat?post=322733"},{"taxonomy":"product_tag","embeddable":true,"href":"https:\/\/www.pomoline.com\/fr\/wp-json\/wp\/v2\/product_tag?post=322733"}],"curies":[{"name":"wp","href":"https:\/\/api.w.org\/{rel}","templated":true}]}}