{"id":322757,"date":"2024-04-27T13:03:13","date_gmt":"2024-04-27T11:03:13","guid":{"rendered":"https:\/\/www.pomoline.com\/web-pruebas\/producto\/pomo-boton-goma-arena-beige-tirador-mueble-bebe-infantil\/"},"modified":"2025-03-13T23:23:10","modified_gmt":"2025-03-13T22:23:10","slug":"bouton-gomme-sable-beige-meuble-enfant-bebe-poignee","status":"publish","type":"product","link":"https:\/\/www.pomoline.com\/fr\/produit\/bouton-gomme-sable-beige-meuble-enfant-bebe-poignee\/","title":{"rendered":"BOUTON GOMME SABLE BEIGE | MEUBLE ENFANT B\u00c9B\u00c9 POIGN\u00c9E"},"content":{"rendered":"<p>Boutons pour les meubles pour enfants en caoutchouc pour donner une protection suppl\u00e9mentaire \u00e0 la chambre de l&rsquo;enfant ou du b\u00e9b\u00e9. Ce mod\u00e8le particulier est le MOD 732 bouton gomme sable beige | meuble enfant b\u00e9b\u00e9 poign\u00e9e<\/p>\n","protected":false},"excerpt":{"rendered":"<p>Boutons pour les meubles pour enfants en caoutchouc pour donner une protection suppl\u00e9mentaire \u00e0 la chambre de l&rsquo;enfant ou du b\u00e9b\u00e9. Ce mod\u00e8le particulier est le MOD 732 bouton gomme sable beige | meuble enfant b\u00e9b\u00e9 poign\u00e9e<\/p>\n","protected":false},"featured_media":409546,"template":"","meta":{"_joinchat":[]},"product_brand":[],"product_cat":[5355,5357,995],"product_tag":[],"class_list":{"0":"post-322757","1":"product","2":"type-product","3":"status-publish","4":"has-post-thumbnail","6":"product_cat-ofertas","7":"product_cat-ofertas-fr","8":"product_cat-boutons-meuble-pour-enfants-bebe","9":"pa_color-lilas-poignees-boutons-pieds-meuble-portamanteaux-mur-porte","10":"pa_color-orange-poignees-boutons-pieds-meuble-portamanteaux-mur-porte","11":"pa_color-rose-poignees-boutons-pieds-meuble-portamanteaux-mur-porte","12":"pa_color-le-sable-poignees-boutons-pieds-meuble-portamanteaux-mur-porte","13":"pa_tendencia-boutons-meuble-enfants-poignees-tiroir-chambre","14":"pa_tendencia-boutons-meuble-bebe-poignees-tiroir-chambre-enfants","16":"first","17":"instock","18":"sale","19":"taxable","20":"shipping-taxable","21":"purchasable","22":"product-type-variable","23":"has-default-attributes","24":"wvs-archive-product-wrapper"},"_links":{"self":[{"href":"https:\/\/www.pomoline.com\/fr\/wp-json\/wp\/v2\/product\/322757","targetHints":{"allow":["GET"]}}],"collection":[{"href":"https:\/\/www.pomoline.com\/fr\/wp-json\/wp\/v2\/product"}],"about":[{"href":"https:\/\/www.pomoline.com\/fr\/wp-json\/wp\/v2\/types\/product"}],"wp:featuredmedia":[{"embeddable":true,"href":"https:\/\/www.pomoline.com\/fr\/wp-json\/wp\/v2\/media\/409546"}],"wp:attachment":[{"href":"https:\/\/www.pomoline.com\/fr\/wp-json\/wp\/v2\/media?parent=322757"}],"wp:term":[{"taxonomy":"product_brand","embeddable":true,"href":"https:\/\/www.pomoline.com\/fr\/wp-json\/wp\/v2\/product_brand?post=322757"},{"taxonomy":"product_cat","embeddable":true,"href":"https:\/\/www.pomoline.com\/fr\/wp-json\/wp\/v2\/product_cat?post=322757"},{"taxonomy":"product_tag","embeddable":true,"href":"https:\/\/www.pomoline.com\/fr\/wp-json\/wp\/v2\/product_tag?post=322757"}],"curies":[{"name":"wp","href":"https:\/\/api.w.org\/{rel}","templated":true}]}}