{"id":322761,"date":"2024-04-27T13:03:17","date_gmt":"2024-04-27T11:03:17","guid":{"rendered":"https:\/\/www.pomoline.com\/web-pruebas\/producto\/asa-abs-pintura-colores-128mm-tirador-mueble-bebe-infantil\/"},"modified":"2025-03-13T23:22:55","modified_gmt":"2025-03-13T22:22:55","slug":"poignee-abs-peinture-bleu-128mm-meuble-enfant-bebe-poignee","status":"publish","type":"product","link":"https:\/\/www.pomoline.com\/fr\/produit\/poignee-abs-peinture-bleu-128mm-meuble-enfant-bebe-poignee\/","title":{"rendered":"POIGN\u00c9E ABS PEINTURE BLEU 128MM| MEUBLE ENFANT B\u00c9B\u00c9 POIGN\u00c9E"},"content":{"rendered":"<p>Boutons en plastique peints en couleurs pour tiroir de meubles pour enfants. Ces tireurs ont de tr\u00e8s bons prix et donnent \u00e0 la salle une tr\u00e8s bonne attention. Ce mod\u00e8le particulier est le MOD 731 poign\u00e9e abs peinture bleu 128mm| meuble enfant b\u00e9b\u00e9 poign\u00e9e<\/p>\n","protected":false},"excerpt":{"rendered":"<p>Boutons en plastique peints en couleurs pour tiroir de meubles pour enfants. Ces tireurs ont de tr\u00e8s bons prix et donnent \u00e0 la salle une tr\u00e8s bonne attention. Ce mod\u00e8le particulier est le MOD 731 poign\u00e9e abs peinture bleu 128mm| meuble enfant b\u00e9b\u00e9 poign\u00e9e<\/p>\n","protected":false},"featured_media":409542,"template":"","meta":{"_joinchat":[]},"product_brand":[],"product_cat":[995],"product_tag":[],"class_list":{"0":"post-322761","1":"product","2":"type-product","3":"status-publish","4":"has-post-thumbnail","6":"product_cat-boutons-meuble-pour-enfants-bebe","7":"pa_color-magenta-poignees-boutons-pieds-meuble-portamanteaux-mur-porte","8":"pa_color-orange-poignees-boutons-pieds-meuble-portamanteaux-mur-porte","9":"pa_distancia-agujeros-tornillos-poignees-128-mm-entre-trous-de-vis-tiroir-porte-meuble","10":"pa_tendencia-boutons-meuble-jeunesse-poignees-tiroir-chambre","12":"first","13":"instock","14":"taxable","15":"shipping-taxable","16":"purchasable","17":"product-type-variable","18":"has-default-attributes","19":"wvs-archive-product-wrapper"},"_links":{"self":[{"href":"https:\/\/www.pomoline.com\/fr\/wp-json\/wp\/v2\/product\/322761","targetHints":{"allow":["GET"]}}],"collection":[{"href":"https:\/\/www.pomoline.com\/fr\/wp-json\/wp\/v2\/product"}],"about":[{"href":"https:\/\/www.pomoline.com\/fr\/wp-json\/wp\/v2\/types\/product"}],"wp:featuredmedia":[{"embeddable":true,"href":"https:\/\/www.pomoline.com\/fr\/wp-json\/wp\/v2\/media\/409542"}],"wp:attachment":[{"href":"https:\/\/www.pomoline.com\/fr\/wp-json\/wp\/v2\/media?parent=322761"}],"wp:term":[{"taxonomy":"product_brand","embeddable":true,"href":"https:\/\/www.pomoline.com\/fr\/wp-json\/wp\/v2\/product_brand?post=322761"},{"taxonomy":"product_cat","embeddable":true,"href":"https:\/\/www.pomoline.com\/fr\/wp-json\/wp\/v2\/product_cat?post=322761"},{"taxonomy":"product_tag","embeddable":true,"href":"https:\/\/www.pomoline.com\/fr\/wp-json\/wp\/v2\/product_tag?post=322761"}],"curies":[{"name":"wp","href":"https:\/\/api.w.org\/{rel}","templated":true}]}}