{"id":322769,"date":"2024-04-27T13:03:35","date_gmt":"2024-04-27T11:03:35","guid":{"rendered":"https:\/\/www.pomoline.com\/web-pruebas\/producto\/asa-abs-pintura-colores-tirador-mueble-bebe-infantil\/"},"modified":"2025-03-13T23:22:20","modified_gmt":"2025-03-13T22:22:20","slug":"poignee-abs-peinture-couleurs-meuble-enfant-bebe","status":"publish","type":"product","link":"https:\/\/www.pomoline.com\/fr\/produit\/poignee-abs-peinture-couleurs-meuble-enfant-bebe\/","title":{"rendered":"POIGN\u00c9E ABS PEINTURE COULEURS | MEUBLE ENFANT B\u00c9B\u00c9"},"content":{"rendered":"<p>Boutons en plastique peints en couleurs pour tiroir de meubles pour enfants. Ces tireurs ont de tr\u00e8s bons prix et donnent \u00e0 la salle une tr\u00e8s bonne attention. Ce mod\u00e8le particulier est le MOD 729 poign\u00e9e abs peinture couleurs | meuble enfant b\u00e9b\u00e9<\/p>\n","protected":false},"excerpt":{"rendered":"<p>Boutons en plastique peints en couleurs pour tiroir de meubles pour enfants. Ces tireurs ont de tr\u00e8s bons prix et donnent \u00e0 la salle une tr\u00e8s bonne attention. Ce mod\u00e8le particulier est le MOD 729 poign\u00e9e abs peinture couleurs | meuble enfant b\u00e9b\u00e9<\/p>\n","protected":false},"featured_media":409534,"template":"","meta":{"_joinchat":[]},"product_brand":[],"product_cat":[995],"product_tag":[],"class_list":{"0":"post-322769","1":"product","2":"type-product","3":"status-publish","4":"has-post-thumbnail","6":"product_cat-boutons-meuble-pour-enfants-bebe","7":"pa_color-blanc-poignees-boutons-pieds-meuble-portamanteaux-mur-porte","8":"pa_color-bleu-poignees-boutons-pieds-meuble-portamanteaux-mur-porte","9":"pa_color-magenta-poignees-boutons-pieds-meuble-portamanteaux-mur-porte","10":"pa_color-orange-poignees-boutons-pieds-meuble-portamanteaux-mur-porte","11":"pa_color-rose-poignees-boutons-pieds-meuble-portamanteaux-mur-porte","12":"pa_color-vert-pistache-poignees-boutons-pieds-meuble-portamanteaux-mur-porte","13":"pa_color-violet-poignees-boutons-pieds-meuble-portamanteaux-mur-porte","14":"pa_distancia-agujeros-tornillos-poignees-128-mm-entre-trous-de-vis-tiroir-porte-meuble","15":"pa_tendencia-boutons-meuble-jeunesse-poignees-tiroir-chambre","17":"first","18":"instock","19":"taxable","20":"shipping-taxable","21":"purchasable","22":"product-type-variable","23":"has-default-attributes","24":"wvs-archive-product-wrapper"},"_links":{"self":[{"href":"https:\/\/www.pomoline.com\/fr\/wp-json\/wp\/v2\/product\/322769","targetHints":{"allow":["GET"]}}],"collection":[{"href":"https:\/\/www.pomoline.com\/fr\/wp-json\/wp\/v2\/product"}],"about":[{"href":"https:\/\/www.pomoline.com\/fr\/wp-json\/wp\/v2\/types\/product"}],"wp:featuredmedia":[{"embeddable":true,"href":"https:\/\/www.pomoline.com\/fr\/wp-json\/wp\/v2\/media\/409534"}],"wp:attachment":[{"href":"https:\/\/www.pomoline.com\/fr\/wp-json\/wp\/v2\/media?parent=322769"}],"wp:term":[{"taxonomy":"product_brand","embeddable":true,"href":"https:\/\/www.pomoline.com\/fr\/wp-json\/wp\/v2\/product_brand?post=322769"},{"taxonomy":"product_cat","embeddable":true,"href":"https:\/\/www.pomoline.com\/fr\/wp-json\/wp\/v2\/product_cat?post=322769"},{"taxonomy":"product_tag","embeddable":true,"href":"https:\/\/www.pomoline.com\/fr\/wp-json\/wp\/v2\/product_tag?post=322769"}],"curies":[{"name":"wp","href":"https:\/\/api.w.org\/{rel}","templated":true}]}}