{"id":322781,"date":"2024-04-27T13:03:58","date_gmt":"2024-04-27T11:03:58","guid":{"rendered":"https:\/\/www.pomoline.com\/web-pruebas\/producto\/pomo-abs-circulos-rosa-magenta-tirador-mueble-infantil-juvenil\/"},"modified":"2025-12-24T16:47:22","modified_gmt":"2025-12-24T15:47:22","slug":"bouton-abs-cercles-rose-magenta-meuble-enfant-poignee","status":"publish","type":"product","link":"https:\/\/www.pomoline.com\/fr\/produit\/bouton-abs-cercles-rose-magenta-meuble-enfant-poignee\/","title":{"rendered":"BOUTON ABS CERCLES ROSE-MAGENTA | MEUBLE ENFANT POIGN\u00c9E"},"content":{"rendered":"<p>Boutons d&rsquo;enfants avec des dessins s\u00e9rigraphi\u00e9s. Vos enfants aimeront avoir une chambre avec des poign\u00e9es de meubles tr\u00e8s color\u00e9es et amusantes. Ce mod\u00e8le particulier est le MOD 725 bouton abs cercles rose-magenta | meuble enfant poign\u00e9e<\/p>\n","protected":false},"excerpt":{"rendered":"<p>Boutons d&rsquo;enfants avec des dessins s\u00e9rigraphi\u00e9s. Vos enfants aimeront avoir une chambre avec des poign\u00e9es de meubles tr\u00e8s color\u00e9es et amusantes. Ce mod\u00e8le particulier est le MOD 725 bouton abs cercles rose-magenta | meuble enfant poign\u00e9e<\/p>\n","protected":false},"featured_media":435792,"template":"","meta":{"_joinchat":[]},"product_brand":[],"product_cat":[5355,5357,995],"product_tag":[],"class_list":{"0":"post-322781","1":"product","2":"type-product","3":"status-publish","4":"has-post-thumbnail","6":"product_cat-ofertas","7":"product_cat-ofertas-fr","8":"product_cat-boutons-meuble-pour-enfants-bebe","9":"pa_color-bleu-clair-poignees-boutons-pieds-meuble-portamanteaux-mur-porte","10":"pa_color-orange-poignees-boutons-pieds-meuble-portamanteaux-mur-porte","11":"pa_color-rose-poignees-boutons-pieds-meuble-portamanteaux-mur-porte","12":"pa_tendencia-boutonts-et-poignees-meuble-pop","14":"first","15":"instock","16":"sale","17":"taxable","18":"shipping-taxable","19":"purchasable","20":"product-type-variable","21":"has-default-attributes","22":"wvs-archive-product-wrapper"},"_links":{"self":[{"href":"https:\/\/www.pomoline.com\/fr\/wp-json\/wp\/v2\/product\/322781","targetHints":{"allow":["GET"]}}],"collection":[{"href":"https:\/\/www.pomoline.com\/fr\/wp-json\/wp\/v2\/product"}],"about":[{"href":"https:\/\/www.pomoline.com\/fr\/wp-json\/wp\/v2\/types\/product"}],"wp:featuredmedia":[{"embeddable":true,"href":"https:\/\/www.pomoline.com\/fr\/wp-json\/wp\/v2\/media\/435792"}],"wp:attachment":[{"href":"https:\/\/www.pomoline.com\/fr\/wp-json\/wp\/v2\/media?parent=322781"}],"wp:term":[{"taxonomy":"product_brand","embeddable":true,"href":"https:\/\/www.pomoline.com\/fr\/wp-json\/wp\/v2\/product_brand?post=322781"},{"taxonomy":"product_cat","embeddable":true,"href":"https:\/\/www.pomoline.com\/fr\/wp-json\/wp\/v2\/product_cat?post=322781"},{"taxonomy":"product_tag","embeddable":true,"href":"https:\/\/www.pomoline.com\/fr\/wp-json\/wp\/v2\/product_tag?post=322781"}],"curies":[{"name":"wp","href":"https:\/\/api.w.org\/{rel}","templated":true}]}}