{"id":322793,"date":"2024-04-27T13:04:13","date_gmt":"2024-04-27T11:04:13","guid":{"rendered":"https:\/\/www.pomoline.com\/web-pruebas\/producto\/tope-puerta-goma-beige-adhesivo-para-suelo-parquet-y-pared\/"},"modified":"2025-03-13T23:20:40","modified_gmt":"2025-03-13T22:20:40","slug":"butoir-arret-porte-caoutchouc-beige-adhesif-pour-sol-parquet-et-mur","status":"publish","type":"product","link":"https:\/\/www.pomoline.com\/fr\/produit\/butoir-arret-porte-caoutchouc-beige-adhesif-pour-sol-parquet-et-mur\/","title":{"rendered":"BUTOIR ARR\u00caT PORTE CAOUTCHOUC BEIGE ADH\u00c9SIF POUR SOL PARQUET ET MUR"},"content":{"rendered":"<p>Butoir arr\u00eat de porte en caoutchouc adh\u00e9sif pour mur ou sol. L&rsquo;adh\u00e9sif pour parquet est tr\u00e8s adh\u00e9rent. Ce mod\u00e8le particulier est le MOD 720 butoir arr\u00eat porte caoutchouc beige adh\u00e9sif pour sol parquet et mur<\/p>\n","protected":false},"excerpt":{"rendered":"<p>Butoir arr\u00eat de porte en caoutchouc adh\u00e9sif pour mur ou sol. L&rsquo;adh\u00e9sif pour parquet est tr\u00e8s adh\u00e9rent. Ce mod\u00e8le particulier est le MOD 720 butoir arr\u00eat porte caoutchouc beige adh\u00e9sif pour sol parquet et mur<\/p>\n","protected":false},"featured_media":409509,"template":"","meta":{"_joinchat":[]},"product_brand":[],"product_cat":[1027],"product_tag":[],"class_list":{"0":"post-322793","1":"product","2":"type-product","3":"status-publish","4":"has-post-thumbnail","6":"product_cat-butee-arret-de-porte","7":"pa_color-blanc-poignees-boutons-pieds-meuble-portamanteaux-mur-porte","8":"pa_color-beige-poignees-boutons-pieds-meuble-portamanteaux-mur-porte","9":"pa_color-marron-poignees-boutons-pieds-meuble-portamanteaux-mur-porte","10":"pa_tendencia-arret-butoir-porte-pour-sol","12":"first","13":"instock","14":"taxable","15":"shipping-taxable","16":"purchasable","17":"product-type-variable","18":"has-default-attributes","19":"wvs-archive-product-wrapper"},"_links":{"self":[{"href":"https:\/\/www.pomoline.com\/fr\/wp-json\/wp\/v2\/product\/322793","targetHints":{"allow":["GET"]}}],"collection":[{"href":"https:\/\/www.pomoline.com\/fr\/wp-json\/wp\/v2\/product"}],"about":[{"href":"https:\/\/www.pomoline.com\/fr\/wp-json\/wp\/v2\/types\/product"}],"wp:featuredmedia":[{"embeddable":true,"href":"https:\/\/www.pomoline.com\/fr\/wp-json\/wp\/v2\/media\/409509"}],"wp:attachment":[{"href":"https:\/\/www.pomoline.com\/fr\/wp-json\/wp\/v2\/media?parent=322793"}],"wp:term":[{"taxonomy":"product_brand","embeddable":true,"href":"https:\/\/www.pomoline.com\/fr\/wp-json\/wp\/v2\/product_brand?post=322793"},{"taxonomy":"product_cat","embeddable":true,"href":"https:\/\/www.pomoline.com\/fr\/wp-json\/wp\/v2\/product_cat?post=322793"},{"taxonomy":"product_tag","embeddable":true,"href":"https:\/\/www.pomoline.com\/fr\/wp-json\/wp\/v2\/product_tag?post=322793"}],"curies":[{"name":"wp","href":"https:\/\/api.w.org\/{rel}","templated":true}]}}