{"id":322797,"date":"2024-04-27T13:04:20","date_gmt":"2024-04-27T11:04:20","guid":{"rendered":"https:\/\/www.pomoline.com\/web-pruebas\/producto\/pomo-abs-seta-pintado-colores-tirador-mueble-bebe-infantil\/"},"modified":"2025-03-13T23:20:23","modified_gmt":"2025-03-13T22:20:23","slug":"bouton-abs-peint-couleurs-bebe-meuble-enfant-bebe-poignee","status":"publish","type":"product","link":"https:\/\/www.pomoline.com\/fr\/produit\/bouton-abs-peint-couleurs-bebe-meuble-enfant-bebe-poignee\/","title":{"rendered":"BOUTON ABS PEINT COULEURS B\u00c9B\u00c9 | MEUBLE ENFANT B\u00c9B\u00c9 POIGN\u00c9E"},"content":{"rendered":"<p>Boutons en plastique peints en couleurs pour tiroir de meubles pour enfants. Ces tireurs ont de tr\u00e8s bons prix et donnent \u00e0 la salle une tr\u00e8s bonne attention. Ce mod\u00e8le particulier est le MOD 719 bouton abs peint couleurs b\u00e9b\u00e9 | meuble enfant b\u00e9b\u00e9 poign\u00e9e<\/p>\n","protected":false},"excerpt":{"rendered":"<p>Boutons en plastique peints en couleurs pour tiroir de meubles pour enfants. Ces tireurs ont de tr\u00e8s bons prix et donnent \u00e0 la salle une tr\u00e8s bonne attention. Ce mod\u00e8le particulier est le MOD 719 bouton abs peint couleurs b\u00e9b\u00e9 | meuble enfant b\u00e9b\u00e9 poign\u00e9e<\/p>\n","protected":false},"featured_media":409505,"template":"","meta":{"_joinchat":[]},"product_brand":[],"product_cat":[995],"product_tag":[],"class_list":{"0":"post-322797","1":"product","2":"type-product","3":"status-publish","4":"has-post-thumbnail","6":"product_cat-boutons-meuble-pour-enfants-bebe","7":"pa_color-gris-poignees-boutons-pieds-meuble-portamanteaux-mur-porte","8":"pa_color-le-sable-poignees-boutons-pieds-meuble-portamanteaux-mur-porte","9":"pa_tendencia-boutons-meuble-bebe-poignees-tiroir-chambre-enfants","11":"first","12":"instock","13":"taxable","14":"shipping-taxable","15":"purchasable","16":"product-type-variable","17":"has-default-attributes","18":"wvs-archive-product-wrapper"},"_links":{"self":[{"href":"https:\/\/www.pomoline.com\/fr\/wp-json\/wp\/v2\/product\/322797","targetHints":{"allow":["GET"]}}],"collection":[{"href":"https:\/\/www.pomoline.com\/fr\/wp-json\/wp\/v2\/product"}],"about":[{"href":"https:\/\/www.pomoline.com\/fr\/wp-json\/wp\/v2\/types\/product"}],"wp:featuredmedia":[{"embeddable":true,"href":"https:\/\/www.pomoline.com\/fr\/wp-json\/wp\/v2\/media\/409505"}],"wp:attachment":[{"href":"https:\/\/www.pomoline.com\/fr\/wp-json\/wp\/v2\/media?parent=322797"}],"wp:term":[{"taxonomy":"product_brand","embeddable":true,"href":"https:\/\/www.pomoline.com\/fr\/wp-json\/wp\/v2\/product_brand?post=322797"},{"taxonomy":"product_cat","embeddable":true,"href":"https:\/\/www.pomoline.com\/fr\/wp-json\/wp\/v2\/product_cat?post=322797"},{"taxonomy":"product_tag","embeddable":true,"href":"https:\/\/www.pomoline.com\/fr\/wp-json\/wp\/v2\/product_tag?post=322797"}],"curies":[{"name":"wp","href":"https:\/\/api.w.org\/{rel}","templated":true}]}}