{"id":322805,"date":"2024-04-27T13:04:31","date_gmt":"2024-04-27T11:04:31","guid":{"rendered":"https:\/\/www.pomoline.com\/web-pruebas\/producto\/tirador-nube-abs-pintado-colores-asa-mueble-bebe-infantil\/"},"modified":"2025-03-13T23:19:49","modified_gmt":"2025-03-13T22:19:49","slug":"poignee-nuage-abs-peint-couleurs-bebe-meuble-enfant-bebe","status":"publish","type":"product","link":"https:\/\/www.pomoline.com\/fr\/produit\/poignee-nuage-abs-peint-couleurs-bebe-meuble-enfant-bebe\/","title":{"rendered":"POIGN\u00c9E NUAGE ABS PEINT COULEURS B\u00c9B\u00c9 | MEUBLE ENFANT B\u00c9B\u00c9"},"content":{"rendered":"<p>Boutons en plastique peints en couleurs pour tiroir de meubles pour enfants. Ces tireurs ont de tr\u00e8s bons prix et donnent \u00e0 la salle une tr\u00e8s bonne attention. Ce mod\u00e8le particulier est le MOD 716 poign\u00e9e nuage abs peint couleurs b\u00e9b\u00e9 | meuble enfant b\u00e9b\u00e9<\/p>\n","protected":false},"excerpt":{"rendered":"<p>Boutons en plastique peints en couleurs pour tiroir de meubles pour enfants. Ces tireurs ont de tr\u00e8s bons prix et donnent \u00e0 la salle une tr\u00e8s bonne attention. Ce mod\u00e8le particulier est le MOD 716 poign\u00e9e nuage abs peint couleurs b\u00e9b\u00e9 | meuble enfant b\u00e9b\u00e9<\/p>\n","protected":false},"featured_media":409497,"template":"","meta":{"_joinchat":[]},"product_brand":[],"product_cat":[5355,5357,995],"product_tag":[],"class_list":{"0":"post-322805","1":"product","2":"type-product","3":"status-publish","4":"has-post-thumbnail","6":"product_cat-ofertas","7":"product_cat-ofertas-fr","8":"product_cat-boutons-meuble-pour-enfants-bebe","9":"pa_color-bleu-clair-poignees-boutons-pieds-meuble-portamanteaux-mur-porte","10":"pa_color-rose-poignees-boutons-pieds-meuble-portamanteaux-mur-porte","11":"pa_distancia-agujeros-tornillos-poignees-32-mm-entre-trous-de-vis-tiroir-porte-meuble","12":"pa_tendencia-boutons-meuble-bebe-poignees-tiroir-chambre-enfants","14":"first","15":"instock","16":"sale","17":"taxable","18":"shipping-taxable","19":"purchasable","20":"product-type-variable","21":"has-default-attributes","22":"wvs-archive-product-wrapper"},"_links":{"self":[{"href":"https:\/\/www.pomoline.com\/fr\/wp-json\/wp\/v2\/product\/322805","targetHints":{"allow":["GET"]}}],"collection":[{"href":"https:\/\/www.pomoline.com\/fr\/wp-json\/wp\/v2\/product"}],"about":[{"href":"https:\/\/www.pomoline.com\/fr\/wp-json\/wp\/v2\/types\/product"}],"wp:featuredmedia":[{"embeddable":true,"href":"https:\/\/www.pomoline.com\/fr\/wp-json\/wp\/v2\/media\/409497"}],"wp:attachment":[{"href":"https:\/\/www.pomoline.com\/fr\/wp-json\/wp\/v2\/media?parent=322805"}],"wp:term":[{"taxonomy":"product_brand","embeddable":true,"href":"https:\/\/www.pomoline.com\/fr\/wp-json\/wp\/v2\/product_brand?post=322805"},{"taxonomy":"product_cat","embeddable":true,"href":"https:\/\/www.pomoline.com\/fr\/wp-json\/wp\/v2\/product_cat?post=322805"},{"taxonomy":"product_tag","embeddable":true,"href":"https:\/\/www.pomoline.com\/fr\/wp-json\/wp\/v2\/product_tag?post=322805"}],"curies":[{"name":"wp","href":"https:\/\/api.w.org\/{rel}","templated":true}]}}