{"id":322817,"date":"2024-04-27T13:04:49","date_gmt":"2024-04-27T11:04:49","guid":{"rendered":"https:\/\/www.pomoline.com\/web-pruebas\/producto\/tirador-pomo-de-mueble-jirafa-amarilla-resina-diseno-infantil-ninos\/"},"modified":"2025-03-13T23:19:01","modified_gmt":"2025-03-13T22:19:01","slug":"bouton-de-meuble-girafe-resine-peinte-a-la-main","status":"publish","type":"product","link":"https:\/\/www.pomoline.com\/fr\/produit\/bouton-de-meuble-girafe-resine-peinte-a-la-main\/","title":{"rendered":"BOUTON DE MEUBLE GIRAFE R\u00c9SINE PEINTE \u00c0 LA MAIN"},"content":{"rendered":"<p>Boutons de meubles d\u00e9cor\u00e9s en r\u00e9sine vieillie \u00e0 patine vintage. Id\u00e9al pour les tiroirs de meubles classiques. Ce mod\u00e8le particulier est le MOD 709 bouton de meuble girafe r\u00e9sine peinte \u00e0 la main<\/p>\n","protected":false},"excerpt":{"rendered":"<p>Boutons de meubles d\u00e9cor\u00e9s en r\u00e9sine vieillie \u00e0 patine vintage. Id\u00e9al pour les tiroirs de meubles classiques. Ce mod\u00e8le particulier est le MOD 709 bouton de meuble girafe r\u00e9sine peinte \u00e0 la main<\/p>\n","protected":false},"featured_media":409485,"template":"","meta":{"_joinchat":[]},"product_brand":[],"product_cat":[5355,5357,995],"product_tag":[],"class_list":{"0":"post-322817","1":"product","2":"type-product","3":"status-publish","4":"has-post-thumbnail","6":"product_cat-ofertas","7":"product_cat-ofertas-fr","8":"product_cat-boutons-meuble-pour-enfants-bebe","9":"pa_color-jaune-poignees-boutons-pieds-meuble-portamanteaux-mur-porte","10":"pa_tendencia-boutons-meuble-enfants-poignees-tiroir-chambre","12":"first","13":"instock","14":"sale","15":"taxable","16":"shipping-taxable","17":"purchasable","18":"product-type-variable","19":"has-default-attributes","20":"wvs-archive-product-wrapper"},"_links":{"self":[{"href":"https:\/\/www.pomoline.com\/fr\/wp-json\/wp\/v2\/product\/322817","targetHints":{"allow":["GET"]}}],"collection":[{"href":"https:\/\/www.pomoline.com\/fr\/wp-json\/wp\/v2\/product"}],"about":[{"href":"https:\/\/www.pomoline.com\/fr\/wp-json\/wp\/v2\/types\/product"}],"wp:featuredmedia":[{"embeddable":true,"href":"https:\/\/www.pomoline.com\/fr\/wp-json\/wp\/v2\/media\/409485"}],"wp:attachment":[{"href":"https:\/\/www.pomoline.com\/fr\/wp-json\/wp\/v2\/media?parent=322817"}],"wp:term":[{"taxonomy":"product_brand","embeddable":true,"href":"https:\/\/www.pomoline.com\/fr\/wp-json\/wp\/v2\/product_brand?post=322817"},{"taxonomy":"product_cat","embeddable":true,"href":"https:\/\/www.pomoline.com\/fr\/wp-json\/wp\/v2\/product_cat?post=322817"},{"taxonomy":"product_tag","embeddable":true,"href":"https:\/\/www.pomoline.com\/fr\/wp-json\/wp\/v2\/product_tag?post=322817"}],"curies":[{"name":"wp","href":"https:\/\/api.w.org\/{rel}","templated":true}]}}