{"id":322841,"date":"2024-04-27T13:05:25","date_gmt":"2024-04-27T11:05:25","guid":{"rendered":"https:\/\/www.pomoline.com\/web-pruebas\/producto\/pomo-corazon-purpurina-tirador-mueble-infantil-juvenil\/"},"modified":"2025-03-13T23:17:22","modified_gmt":"2025-03-13T22:17:22","slug":"bouton-coeur-bombons-meuble-enfant-poignee","status":"publish","type":"product","link":"https:\/\/www.pomoline.com\/fr\/produit\/bouton-coeur-bombons-meuble-enfant-poignee\/","title":{"rendered":"BOUTON COEUR BOMBONS | MEUBLE ENFANT POIGN\u00c9E"},"content":{"rendered":"<p>Boutons de meubles d\u00e9cor\u00e9s en r\u00e9sine vieillie \u00e0 patine vintage. Id\u00e9al pour les tiroirs de meubles classiques. Ce mod\u00e8le particulier est le MOD 691 bouton coeur bombons | meuble enfant poign\u00e9e<\/p>\n","protected":false},"excerpt":{"rendered":"<p>Boutons de meubles d\u00e9cor\u00e9s en r\u00e9sine vieillie \u00e0 patine vintage. Id\u00e9al pour les tiroirs de meubles classiques. Ce mod\u00e8le particulier est le MOD 691 bouton coeur bombons | meuble enfant poign\u00e9e<\/p>\n","protected":false},"featured_media":409461,"template":"","meta":{"_joinchat":[]},"product_brand":[],"product_cat":[5355,5357,995],"product_tag":[],"class_list":{"0":"post-322841","1":"product","2":"type-product","3":"status-publish","4":"has-post-thumbnail","6":"product_cat-ofertas","7":"product_cat-ofertas-fr","8":"product_cat-boutons-meuble-pour-enfants-bebe","9":"pa_color-rose-poignees-boutons-pieds-meuble-portamanteaux-mur-porte","10":"pa_tendencia-boutons-meuble-enfants-poignees-tiroir-chambre","12":"first","13":"instock","14":"sale","15":"taxable","16":"shipping-taxable","17":"purchasable","18":"product-type-variable","19":"has-default-attributes","20":"wvs-archive-product-wrapper"},"_links":{"self":[{"href":"https:\/\/www.pomoline.com\/fr\/wp-json\/wp\/v2\/product\/322841","targetHints":{"allow":["GET"]}}],"collection":[{"href":"https:\/\/www.pomoline.com\/fr\/wp-json\/wp\/v2\/product"}],"about":[{"href":"https:\/\/www.pomoline.com\/fr\/wp-json\/wp\/v2\/types\/product"}],"wp:featuredmedia":[{"embeddable":true,"href":"https:\/\/www.pomoline.com\/fr\/wp-json\/wp\/v2\/media\/409461"}],"wp:attachment":[{"href":"https:\/\/www.pomoline.com\/fr\/wp-json\/wp\/v2\/media?parent=322841"}],"wp:term":[{"taxonomy":"product_brand","embeddable":true,"href":"https:\/\/www.pomoline.com\/fr\/wp-json\/wp\/v2\/product_brand?post=322841"},{"taxonomy":"product_cat","embeddable":true,"href":"https:\/\/www.pomoline.com\/fr\/wp-json\/wp\/v2\/product_cat?post=322841"},{"taxonomy":"product_tag","embeddable":true,"href":"https:\/\/www.pomoline.com\/fr\/wp-json\/wp\/v2\/product_tag?post=322841"}],"curies":[{"name":"wp","href":"https:\/\/api.w.org\/{rel}","templated":true}]}}