{"id":322845,"date":"2024-04-27T13:05:29","date_gmt":"2024-04-27T11:05:29","guid":{"rendered":"https:\/\/www.pomoline.com\/web-pruebas\/producto\/tirador-pomo-de-mueble-estrella-plastico-colores-habitacion-bebe\/"},"modified":"2025-03-13T23:17:03","modified_gmt":"2025-03-13T22:17:03","slug":"poignee-de-meuble-bouton-etoile-plastique-couleurs-pour-enfants","status":"publish","type":"product","link":"https:\/\/www.pomoline.com\/fr\/produit\/poignee-de-meuble-bouton-etoile-plastique-couleurs-pour-enfants\/","title":{"rendered":"POIGN\u00c9E DE MEUBLE BOUTON \u00c9TOILE PLASTIQUE COULEURS POUR ENFANTS"},"content":{"rendered":"<p>Boutons en plastique peints en couleurs pour tiroir de meubles pour enfants. Ces tireurs ont de tr\u00e8s bons prix et donnent \u00e0 la salle une tr\u00e8s bonne attention. Ce mod\u00e8le particulier est le MOD 689 poign\u00e9e de meuble bouton \u00e9toile plastique couleurs pour enf<\/p>\n","protected":false},"excerpt":{"rendered":"<p>Boutons en plastique peints en couleurs pour tiroir de meubles pour enfants. Ces tireurs ont de tr\u00e8s bons prix et donnent \u00e0 la salle une tr\u00e8s bonne attention. Ce mod\u00e8le particulier est le MOD 689 poign\u00e9e de meuble bouton \u00e9toile plastique couleurs pour enf<\/p>\n","protected":false},"featured_media":409457,"template":"","meta":{"_joinchat":[]},"product_brand":[],"product_cat":[995],"product_tag":[],"class_list":{"0":"post-322845","1":"product","2":"type-product","3":"status-publish","4":"has-post-thumbnail","6":"product_cat-boutons-meuble-pour-enfants-bebe","7":"pa_color-vert-poignees-boutons-pieds-meuble-portamanteaux-mur-porte","8":"pa_color-jaune-poignees-boutons-pieds-meuble-portamanteaux-mur-porte","9":"pa_color-bleu-clair-poignees-boutons-pieds-meuble-portamanteaux-mur-porte","10":"pa_color-rose-poignees-boutons-pieds-meuble-portamanteaux-mur-porte","11":"pa_tendencia-boutons-meuble-bebe-poignees-tiroir-chambre-enfants","13":"first","14":"instock","15":"taxable","16":"shipping-taxable","17":"purchasable","18":"product-type-variable","19":"has-default-attributes","20":"wvs-archive-product-wrapper"},"_links":{"self":[{"href":"https:\/\/www.pomoline.com\/fr\/wp-json\/wp\/v2\/product\/322845","targetHints":{"allow":["GET"]}}],"collection":[{"href":"https:\/\/www.pomoline.com\/fr\/wp-json\/wp\/v2\/product"}],"about":[{"href":"https:\/\/www.pomoline.com\/fr\/wp-json\/wp\/v2\/types\/product"}],"wp:featuredmedia":[{"embeddable":true,"href":"https:\/\/www.pomoline.com\/fr\/wp-json\/wp\/v2\/media\/409457"}],"wp:attachment":[{"href":"https:\/\/www.pomoline.com\/fr\/wp-json\/wp\/v2\/media?parent=322845"}],"wp:term":[{"taxonomy":"product_brand","embeddable":true,"href":"https:\/\/www.pomoline.com\/fr\/wp-json\/wp\/v2\/product_brand?post=322845"},{"taxonomy":"product_cat","embeddable":true,"href":"https:\/\/www.pomoline.com\/fr\/wp-json\/wp\/v2\/product_cat?post=322845"},{"taxonomy":"product_tag","embeddable":true,"href":"https:\/\/www.pomoline.com\/fr\/wp-json\/wp\/v2\/product_tag?post=322845"}],"curies":[{"name":"wp","href":"https:\/\/api.w.org\/{rel}","templated":true}]}}