{"id":322853,"date":"2024-04-27T13:05:40","date_gmt":"2024-04-27T11:05:40","guid":{"rendered":"https:\/\/www.pomoline.com\/web-pruebas\/producto\/tirador-estrella-grande-pomo-para-mueble-infantil-metacrilato-color\/"},"modified":"2025-03-13T23:16:29","modified_gmt":"2025-03-13T22:16:29","slug":"bouton-tiroir-etoile-grande-couleurs-pour-poignee-meuble-enfants","status":"publish","type":"product","link":"https:\/\/www.pomoline.com\/fr\/produit\/bouton-tiroir-etoile-grande-couleurs-pour-poignee-meuble-enfants\/","title":{"rendered":"BOUTON TIROIR ETOILE GRANDE COULEURS POUR POIGN\u00c9E MEUBLE ENFANTS"},"content":{"rendered":"<p>Boutons et poign\u00e9es de couleurs pour les meubles \u00e0 tiroirs pour enfants. Ils ont \u00e9t\u00e9 con\u00e7us avec du marial tel que du m\u00e9thacrylate qui donne une touche lumineuse et color\u00e9e \u00e0 la chambre des enfants. Ce mod\u00e8le particulier est le MOD 667XL bouton tiroir eto<\/p>\n","protected":false},"excerpt":{"rendered":"<p>Boutons et poign\u00e9es de couleurs pour les meubles \u00e0 tiroirs pour enfants. Ils ont \u00e9t\u00e9 con\u00e7us avec du marial tel que du m\u00e9thacrylate qui donne une touche lumineuse et color\u00e9e \u00e0 la chambre des enfants. Ce mod\u00e8le particulier est le MOD 667XL bouton tiroir eto<\/p>\n","protected":false},"featured_media":409449,"template":"","meta":{"_joinchat":[]},"product_brand":[],"product_cat":[995],"product_tag":[],"class_list":{"0":"post-322853","1":"product","2":"type-product","3":"status-publish","4":"has-post-thumbnail","6":"product_cat-boutons-meuble-pour-enfants-bebe","7":"pa_color-magenta-poignees-boutons-pieds-meuble-portamanteaux-mur-porte","8":"pa_color-orange-poignees-boutons-pieds-meuble-portamanteaux-mur-porte","9":"pa_color-vert-pistache-poignees-boutons-pieds-meuble-portamanteaux-mur-porte","10":"pa_color-violet-poignees-boutons-pieds-meuble-portamanteaux-mur-porte","11":"pa_tendencia-boutonts-et-poignees-meuble-pop","13":"first","14":"instock","15":"taxable","16":"shipping-taxable","17":"purchasable","18":"product-type-variable","19":"has-default-attributes","20":"wvs-archive-product-wrapper"},"_links":{"self":[{"href":"https:\/\/www.pomoline.com\/fr\/wp-json\/wp\/v2\/product\/322853","targetHints":{"allow":["GET"]}}],"collection":[{"href":"https:\/\/www.pomoline.com\/fr\/wp-json\/wp\/v2\/product"}],"about":[{"href":"https:\/\/www.pomoline.com\/fr\/wp-json\/wp\/v2\/types\/product"}],"wp:featuredmedia":[{"embeddable":true,"href":"https:\/\/www.pomoline.com\/fr\/wp-json\/wp\/v2\/media\/409449"}],"wp:attachment":[{"href":"https:\/\/www.pomoline.com\/fr\/wp-json\/wp\/v2\/media?parent=322853"}],"wp:term":[{"taxonomy":"product_brand","embeddable":true,"href":"https:\/\/www.pomoline.com\/fr\/wp-json\/wp\/v2\/product_brand?post=322853"},{"taxonomy":"product_cat","embeddable":true,"href":"https:\/\/www.pomoline.com\/fr\/wp-json\/wp\/v2\/product_cat?post=322853"},{"taxonomy":"product_tag","embeddable":true,"href":"https:\/\/www.pomoline.com\/fr\/wp-json\/wp\/v2\/product_tag?post=322853"}],"curies":[{"name":"wp","href":"https:\/\/api.w.org\/{rel}","templated":true}]}}