{"id":322881,"date":"2024-04-27T13:06:16","date_gmt":"2024-04-27T11:06:16","guid":{"rendered":"https:\/\/www.pomoline.com\/web-pruebas\/producto\/pomo-tirador-tulipan-madera-mueble-bebe-decape-shabby-chic\/"},"modified":"2025-03-13T23:14:35","modified_gmt":"2025-03-13T22:14:35","slug":"bouton-en-bois-tulipe-meuble-enfant-shabby-chic-poignee-tiroir","status":"publish","type":"product","link":"https:\/\/www.pomoline.com\/fr\/produit\/bouton-en-bois-tulipe-meuble-enfant-shabby-chic-poignee-tiroir\/","title":{"rendered":"BOUTON EN BOIS TULIPE MEUBLE ENFANT | SHABBY CHIC POIGN\u00c9E TIROIR"},"content":{"rendered":"<p>Poign\u00e9es pour b\u00e9b\u00e9 pour meubles shabby chic en bois patin\u00e9 et boutons pour tiroirs pastel. Ce mod\u00e8le particulier est le MOD 665S bouton en bois tulipe meuble enfant | shabby chic poign\u00e9e tiroir<\/p>\n","protected":false},"excerpt":{"rendered":"<p>Poign\u00e9es pour b\u00e9b\u00e9 pour meubles shabby chic en bois patin\u00e9 et boutons pour tiroirs pastel. Ce mod\u00e8le particulier est le MOD 665S bouton en bois tulipe meuble enfant | shabby chic poign\u00e9e tiroir<\/p>\n","protected":false},"featured_media":409421,"template":"","meta":{"_joinchat":[]},"product_brand":[],"product_cat":[995],"product_tag":[],"class_list":{"0":"post-322881","1":"product","2":"type-product","3":"status-publish","4":"has-post-thumbnail","6":"product_cat-boutons-meuble-pour-enfants-bebe","7":"pa_color-vert-poignees-boutons-pieds-meuble-portamanteaux-mur-porte","8":"pa_color-blanc-poignees-boutons-pieds-meuble-portamanteaux-mur-porte","9":"pa_color-bleu-poignees-boutons-pieds-meuble-portamanteaux-mur-porte","10":"pa_color-rose-poignees-boutons-pieds-meuble-portamanteaux-mur-porte","11":"pa_color-le-sable-poignees-boutons-pieds-meuble-portamanteaux-mur-porte","12":"pa_tendencia-boutons-meuble-bebe-poignees-tiroir-chambre-enfants","14":"first","15":"instock","16":"taxable","17":"shipping-taxable","18":"purchasable","19":"product-type-variable","20":"has-default-attributes","21":"wvs-archive-product-wrapper"},"_links":{"self":[{"href":"https:\/\/www.pomoline.com\/fr\/wp-json\/wp\/v2\/product\/322881","targetHints":{"allow":["GET"]}}],"collection":[{"href":"https:\/\/www.pomoline.com\/fr\/wp-json\/wp\/v2\/product"}],"about":[{"href":"https:\/\/www.pomoline.com\/fr\/wp-json\/wp\/v2\/types\/product"}],"wp:featuredmedia":[{"embeddable":true,"href":"https:\/\/www.pomoline.com\/fr\/wp-json\/wp\/v2\/media\/409421"}],"wp:attachment":[{"href":"https:\/\/www.pomoline.com\/fr\/wp-json\/wp\/v2\/media?parent=322881"}],"wp:term":[{"taxonomy":"product_brand","embeddable":true,"href":"https:\/\/www.pomoline.com\/fr\/wp-json\/wp\/v2\/product_brand?post=322881"},{"taxonomy":"product_cat","embeddable":true,"href":"https:\/\/www.pomoline.com\/fr\/wp-json\/wp\/v2\/product_cat?post=322881"},{"taxonomy":"product_tag","embeddable":true,"href":"https:\/\/www.pomoline.com\/fr\/wp-json\/wp\/v2\/product_tag?post=322881"}],"curies":[{"name":"wp","href":"https:\/\/api.w.org\/{rel}","templated":true}]}}