{"id":322897,"date":"2024-04-27T13:06:37","date_gmt":"2024-04-27T11:06:37","guid":{"rendered":"https:\/\/www.pomoline.com\/web-pruebas\/producto\/pomo-bola-plastico-colores-mate-para-mueble-infantil-y-tirador-cajon\/"},"modified":"2025-03-13T23:13:28","modified_gmt":"2025-03-13T22:13:28","slug":"bouton-boule-couleur-mat-meuble-enfants-poignee-tiroir","status":"publish","type":"product","link":"https:\/\/www.pomoline.com\/fr\/produit\/bouton-boule-couleur-mat-meuble-enfants-poignee-tiroir\/","title":{"rendered":"BOUTON BOULE COULEUR MAT MEUBLE ENFANTS POIGN\u00c9E TIROIR"},"content":{"rendered":"<p>Boutons en plastique peints en couleurs pour tiroir de meubles pour enfants. Ces tireurs ont de tr\u00e8s bons prix et donnent \u00e0 la salle une tr\u00e8s bonne attention. Ce mod\u00e8le particulier est le MOD 626X bouton boule couleur mat meuble enfants poign\u00e9e tiroir<\/p>\n","protected":false},"excerpt":{"rendered":"<p>Boutons en plastique peints en couleurs pour tiroir de meubles pour enfants. Ces tireurs ont de tr\u00e8s bons prix et donnent \u00e0 la salle une tr\u00e8s bonne attention. Ce mod\u00e8le particulier est le MOD 626X bouton boule couleur mat meuble enfants poign\u00e9e tiroir<\/p>\n","protected":false},"featured_media":409405,"template":"","meta":{"_joinchat":[]},"product_brand":[],"product_cat":[995],"product_tag":[],"class_list":{"0":"post-322897","1":"product","2":"type-product","3":"status-publish","4":"has-post-thumbnail","6":"product_cat-boutons-meuble-pour-enfants-bebe","7":"pa_color-noir-poignees-boutons-pieds-meuble-portamanteaux-mur-porte","8":"pa_color-blanc-poignees-boutons-pieds-meuble-portamanteaux-mur-porte","9":"pa_color-bleu-poignees-boutons-pieds-meuble-portamanteaux-mur-porte","10":"pa_color-magenta-poignees-boutons-pieds-meuble-portamanteaux-mur-porte","11":"pa_color-orange-poignees-boutons-pieds-meuble-portamanteaux-mur-porte","12":"pa_color-vert-pistache-poignees-boutons-pieds-meuble-portamanteaux-mur-porte","13":"pa_color-violet-poignees-boutons-pieds-meuble-portamanteaux-mur-porte","14":"pa_tendencia-bouton-balle-tiroir-meuble","16":"first","17":"instock","18":"taxable","19":"shipping-taxable","20":"purchasable","21":"product-type-variable","22":"has-default-attributes","23":"wvs-archive-product-wrapper"},"_links":{"self":[{"href":"https:\/\/www.pomoline.com\/fr\/wp-json\/wp\/v2\/product\/322897","targetHints":{"allow":["GET"]}}],"collection":[{"href":"https:\/\/www.pomoline.com\/fr\/wp-json\/wp\/v2\/product"}],"about":[{"href":"https:\/\/www.pomoline.com\/fr\/wp-json\/wp\/v2\/types\/product"}],"wp:featuredmedia":[{"embeddable":true,"href":"https:\/\/www.pomoline.com\/fr\/wp-json\/wp\/v2\/media\/409405"}],"wp:attachment":[{"href":"https:\/\/www.pomoline.com\/fr\/wp-json\/wp\/v2\/media?parent=322897"}],"wp:term":[{"taxonomy":"product_brand","embeddable":true,"href":"https:\/\/www.pomoline.com\/fr\/wp-json\/wp\/v2\/product_brand?post=322897"},{"taxonomy":"product_cat","embeddable":true,"href":"https:\/\/www.pomoline.com\/fr\/wp-json\/wp\/v2\/product_cat?post=322897"},{"taxonomy":"product_tag","embeddable":true,"href":"https:\/\/www.pomoline.com\/fr\/wp-json\/wp\/v2\/product_tag?post=322897"}],"curies":[{"name":"wp","href":"https:\/\/api.w.org\/{rel}","templated":true}]}}