{"id":322905,"date":"2024-04-27T13:06:49","date_gmt":"2024-04-27T11:06:49","guid":{"rendered":"https:\/\/www.pomoline.com\/web-pruebas\/producto\/tirador-pomo-redondo-mueble-colores-infantil-cajon-armario-juvenil\/"},"modified":"2025-03-13T23:13:09","modified_gmt":"2025-03-13T22:13:09","slug":"bouton-rond-de-meuble-96mm-couleurs-por-tiroir-enfants-jeunesse","status":"publish","type":"product","link":"https:\/\/www.pomoline.com\/fr\/produit\/bouton-rond-de-meuble-96mm-couleurs-por-tiroir-enfants-jeunesse\/","title":{"rendered":"BOUTON ROND DE MEUBLE 96MM COULEURS POR TIROIR ENFANTS JEUNESSE"},"content":{"rendered":"<p>Boutons en plastique peints en couleurs pour tiroir de meubles pour enfants. Ces tireurs ont de tr\u00e8s bons prix et donnent \u00e0 la salle une tr\u00e8s bonne attention. Ce mod\u00e8le particulier est le MOD 622 bouton rond de meuble 96mm couleurs por tiroir enfants jeun<\/p>\n","protected":false},"excerpt":{"rendered":"<p>Boutons en plastique peints en couleurs pour tiroir de meubles pour enfants. Ces tireurs ont de tr\u00e8s bons prix et donnent \u00e0 la salle une tr\u00e8s bonne attention. Ce mod\u00e8le particulier est le MOD 622 bouton rond de meuble 96mm couleurs por tiroir enfants jeun<\/p>\n","protected":false},"featured_media":409401,"template":"","meta":{"_joinchat":[]},"product_brand":[],"product_cat":[995],"product_tag":[],"class_list":{"0":"post-322905","1":"product","2":"type-product","3":"status-publish","4":"has-post-thumbnail","6":"product_cat-boutons-meuble-pour-enfants-bebe","7":"pa_color-vert-poignees-boutons-pieds-meuble-portamanteaux-mur-porte","8":"pa_color-jaune-poignees-boutons-pieds-meuble-portamanteaux-mur-porte","9":"pa_color-bleu-poignees-boutons-pieds-meuble-portamanteaux-mur-porte","10":"pa_color-glace-poignees-boutons-pieds-meuble-portamanteaux-mur-porte","11":"pa_color-magenta-poignees-boutons-pieds-meuble-portamanteaux-mur-porte","12":"pa_color-orange-poignees-boutons-pieds-meuble-portamanteaux-mur-porte","13":"pa_color-rouge-poignees-boutons-pieds-meuble-portamanteaux-mur-porte","14":"pa_tendencia-boutons-meuble-jeunesse-poignees-tiroir-chambre","16":"first","17":"instock","18":"taxable","19":"shipping-taxable","20":"purchasable","21":"product-type-variable","22":"has-default-attributes","23":"wvs-archive-product-wrapper"},"_links":{"self":[{"href":"https:\/\/www.pomoline.com\/fr\/wp-json\/wp\/v2\/product\/322905","targetHints":{"allow":["GET"]}}],"collection":[{"href":"https:\/\/www.pomoline.com\/fr\/wp-json\/wp\/v2\/product"}],"about":[{"href":"https:\/\/www.pomoline.com\/fr\/wp-json\/wp\/v2\/types\/product"}],"wp:featuredmedia":[{"embeddable":true,"href":"https:\/\/www.pomoline.com\/fr\/wp-json\/wp\/v2\/media\/409401"}],"wp:attachment":[{"href":"https:\/\/www.pomoline.com\/fr\/wp-json\/wp\/v2\/media?parent=322905"}],"wp:term":[{"taxonomy":"product_brand","embeddable":true,"href":"https:\/\/www.pomoline.com\/fr\/wp-json\/wp\/v2\/product_brand?post=322905"},{"taxonomy":"product_cat","embeddable":true,"href":"https:\/\/www.pomoline.com\/fr\/wp-json\/wp\/v2\/product_cat?post=322905"},{"taxonomy":"product_tag","embeddable":true,"href":"https:\/\/www.pomoline.com\/fr\/wp-json\/wp\/v2\/product_tag?post=322905"}],"curies":[{"name":"wp","href":"https:\/\/api.w.org\/{rel}","templated":true}]}}