{"id":322909,"date":"2024-04-27T13:06:54","date_gmt":"2024-04-27T11:06:54","guid":{"rendered":"https:\/\/www.pomoline.com\/web-pruebas\/producto\/pomo-tirador-cuadrado-madera-mueble-bebe-decape-shabby-chic\/"},"modified":"2025-03-13T23:12:53","modified_gmt":"2025-03-13T22:12:53","slug":"bouton-en-bois-carre-meuble-enfant-shabby-chic-poignee-tiroir","status":"publish","type":"product","link":"https:\/\/www.pomoline.com\/fr\/produit\/bouton-en-bois-carre-meuble-enfant-shabby-chic-poignee-tiroir\/","title":{"rendered":"BOUTON EN BOIS CARR\u00c9 MEUBLE ENFANT | SHABBY CHIC POIGN\u00c9E TIROIR"},"content":{"rendered":"<p>Mais qu&rsquo;elles sont belles ces manches en bois vieilli aux diff\u00e9rentes couleurs pastel qui attirent l&rsquo;attention par leur originalit\u00e9. Ils n&rsquo;ont qu&rsquo;une seule vis, vous pouvez donc les placer sur n&rsquo;importe quel meuble, et ils se combinent tr\u00e8s bien avec le r<\/p>\n","protected":false},"excerpt":{"rendered":"<p>Mais qu&rsquo;elles sont belles ces manches en bois vieilli aux diff\u00e9rentes couleurs pastel qui attirent l&rsquo;attention par leur originalit\u00e9. Ils n&rsquo;ont qu&rsquo;une seule vis, vous pouvez donc les placer sur n&rsquo;importe quel meuble, et ils se combinent tr\u00e8s bien avec le r<\/p>\n","protected":false},"featured_media":409397,"template":"","meta":{"_joinchat":[]},"product_brand":[],"product_cat":[995],"product_tag":[],"class_list":{"0":"post-322909","1":"product","2":"type-product","3":"status-publish","4":"has-post-thumbnail","6":"product_cat-boutons-meuble-pour-enfants-bebe","7":"pa_color-vert-poignees-boutons-pieds-meuble-portamanteaux-mur-porte","8":"pa_color-blanc-poignees-boutons-pieds-meuble-portamanteaux-mur-porte","9":"pa_color-bleu-poignees-boutons-pieds-meuble-portamanteaux-mur-porte","10":"pa_color-rose-poignees-boutons-pieds-meuble-portamanteaux-mur-porte","11":"pa_color-le-sable-poignees-boutons-pieds-meuble-portamanteaux-mur-porte","12":"pa_tendencia-boutons-meuble-bebe-poignees-tiroir-chambre-enfants","14":"first","15":"instock","16":"taxable","17":"shipping-taxable","18":"purchasable","19":"product-type-variable","20":"has-default-attributes","21":"wvs-archive-product-wrapper"},"_links":{"self":[{"href":"https:\/\/www.pomoline.com\/fr\/wp-json\/wp\/v2\/product\/322909","targetHints":{"allow":["GET"]}}],"collection":[{"href":"https:\/\/www.pomoline.com\/fr\/wp-json\/wp\/v2\/product"}],"about":[{"href":"https:\/\/www.pomoline.com\/fr\/wp-json\/wp\/v2\/types\/product"}],"wp:featuredmedia":[{"embeddable":true,"href":"https:\/\/www.pomoline.com\/fr\/wp-json\/wp\/v2\/media\/409397"}],"wp:attachment":[{"href":"https:\/\/www.pomoline.com\/fr\/wp-json\/wp\/v2\/media?parent=322909"}],"wp:term":[{"taxonomy":"product_brand","embeddable":true,"href":"https:\/\/www.pomoline.com\/fr\/wp-json\/wp\/v2\/product_brand?post=322909"},{"taxonomy":"product_cat","embeddable":true,"href":"https:\/\/www.pomoline.com\/fr\/wp-json\/wp\/v2\/product_cat?post=322909"},{"taxonomy":"product_tag","embeddable":true,"href":"https:\/\/www.pomoline.com\/fr\/wp-json\/wp\/v2\/product_tag?post=322909"}],"curies":[{"name":"wp","href":"https:\/\/api.w.org\/{rel}","templated":true}]}}