{"id":322937,"date":"2024-04-27T13:07:37","date_gmt":"2024-04-27T11:07:37","guid":{"rendered":"https:\/\/www.pomoline.com\/web-pruebas\/producto\/tacos-contera-tapon-exterior-plastico-pata-silla-mesa-tubo-metalica\/"},"modified":"2025-03-13T23:10:54","modified_gmt":"2025-03-13T22:10:54","slug":"bouchon-embouts-exterieur-plastique-noir-rond-pieds-jambes-meubles","status":"publish","type":"product","link":"https:\/\/www.pomoline.com\/fr\/produit\/bouchon-embouts-exterieur-plastique-noir-rond-pieds-jambes-meubles\/","title":{"rendered":"BOUCHON EMBOUTS EXTERIEUR PLASTIQUE NOIR ROND PIEDS JAMBES MEUBLES"},"content":{"rendered":"<p>Bouchons et extr\u00e9mit\u00e9s pour recouvrir les extr\u00e9mit\u00e9s des tubes ou des pieds de chaises et de tables. Ce mod\u00e8le particulier est le MOD 6101 bouchon embouts exterieur plastique noir rond pieds jambes meubles<\/p>\n","protected":false},"excerpt":{"rendered":"<p>Bouchons et extr\u00e9mit\u00e9s pour recouvrir les extr\u00e9mit\u00e9s des tubes ou des pieds de chaises et de tables. Ce mod\u00e8le particulier est le MOD 6101 bouchon embouts exterieur plastique noir rond pieds jambes meubles<\/p>\n","protected":false},"featured_media":409369,"template":"","meta":{"_joinchat":[]},"product_brand":[],"product_cat":[1031],"product_tag":[],"class_list":{"0":"post-322937","1":"product","2":"type-product","3":"status-publish","4":"has-post-thumbnail","6":"product_cat-bouchon-embouts-feutre-glisser-adhesif-antiderapant-patins","7":"pa_color-noir-poignees-boutons-pieds-meuble-portamanteaux-mur-porte","8":"pa_tendencia-feutres-patins-meuble-glisseurs-bouchons-chaise-cache-vis","10":"first","11":"instock","12":"taxable","13":"shipping-taxable","14":"purchasable","15":"product-type-variable","16":"has-default-attributes","17":"wvs-archive-product-wrapper"},"_links":{"self":[{"href":"https:\/\/www.pomoline.com\/fr\/wp-json\/wp\/v2\/product\/322937","targetHints":{"allow":["GET"]}}],"collection":[{"href":"https:\/\/www.pomoline.com\/fr\/wp-json\/wp\/v2\/product"}],"about":[{"href":"https:\/\/www.pomoline.com\/fr\/wp-json\/wp\/v2\/types\/product"}],"wp:featuredmedia":[{"embeddable":true,"href":"https:\/\/www.pomoline.com\/fr\/wp-json\/wp\/v2\/media\/409369"}],"wp:attachment":[{"href":"https:\/\/www.pomoline.com\/fr\/wp-json\/wp\/v2\/media?parent=322937"}],"wp:term":[{"taxonomy":"product_brand","embeddable":true,"href":"https:\/\/www.pomoline.com\/fr\/wp-json\/wp\/v2\/product_brand?post=322937"},{"taxonomy":"product_cat","embeddable":true,"href":"https:\/\/www.pomoline.com\/fr\/wp-json\/wp\/v2\/product_cat?post=322937"},{"taxonomy":"product_tag","embeddable":true,"href":"https:\/\/www.pomoline.com\/fr\/wp-json\/wp\/v2\/product_tag?post=322937"}],"curies":[{"name":"wp","href":"https:\/\/api.w.org\/{rel}","templated":true}]}}