{"id":322949,"date":"2024-04-27T13:07:55","date_gmt":"2024-04-27T11:07:55","guid":{"rendered":"https:\/\/www.pomoline.com\/web-pruebas\/producto\/tirador-flor-estrella-pomo-de-mueble-resina-color-habitacion-infantil\/"},"modified":"2025-03-13T23:10:03","modified_gmt":"2025-03-13T22:10:03","slug":"bouton-de-meuble-fleur-etoile-jaune-design-jeunesse","status":"publish","type":"product","link":"https:\/\/www.pomoline.com\/fr\/produit\/bouton-de-meuble-fleur-etoile-jaune-design-jeunesse\/","title":{"rendered":"BOUTON DE MEUBLE FLEUR \u00c9TOILE JAUNE DESIGN JEUNESSE"},"content":{"rendered":"<p>Boutons en plastique peints en couleurs pour tiroir de meubles pour enfants. Ces tireurs ont de tr\u00e8s bons prix et donnent \u00e0 la salle une tr\u00e8s bonne attention. Ce mod\u00e8le particulier est le MOD 608 bouton de meuble fleur \u00e9toile jaune design jeunesse<\/p>\n","protected":false},"excerpt":{"rendered":"<p>Boutons en plastique peints en couleurs pour tiroir de meubles pour enfants. Ces tireurs ont de tr\u00e8s bons prix et donnent \u00e0 la salle une tr\u00e8s bonne attention. Ce mod\u00e8le particulier est le MOD 608 bouton de meuble fleur \u00e9toile jaune design jeunesse<\/p>\n","protected":false},"featured_media":409357,"template":"","meta":{"_joinchat":[]},"product_brand":[],"product_cat":[5355,5357,995],"product_tag":[],"class_list":{"0":"post-322949","1":"product","2":"type-product","3":"status-publish","4":"has-post-thumbnail","6":"product_cat-ofertas","7":"product_cat-ofertas-fr","8":"product_cat-boutons-meuble-pour-enfants-bebe","9":"pa_color-jaune-poignees-boutons-pieds-meuble-portamanteaux-mur-porte","10":"pa_color-bleu-poignees-boutons-pieds-meuble-portamanteaux-mur-porte","11":"pa_color-cherie-poignees-boutons-pieds-meuble-portamanteaux-mur-porte","12":"pa_color-magenta-poignees-boutons-pieds-meuble-portamanteaux-mur-porte","13":"pa_color-orange-poignees-boutons-pieds-meuble-portamanteaux-mur-porte","14":"pa_color-cristal-poignees-boutons-pieds-meuble-portamanteaux-mur-porte","15":"pa_color-vert-pistache-poignees-boutons-pieds-meuble-portamanteaux-mur-porte","16":"pa_color-violet-poignees-boutons-pieds-meuble-portamanteaux-mur-porte","17":"pa_tendencia-bountons-fleur-pour-tiroir-meuble","19":"first","20":"instock","21":"sale","22":"taxable","23":"shipping-taxable","24":"purchasable","25":"product-type-variable","26":"has-default-attributes","27":"wvs-archive-product-wrapper"},"_links":{"self":[{"href":"https:\/\/www.pomoline.com\/fr\/wp-json\/wp\/v2\/product\/322949","targetHints":{"allow":["GET"]}}],"collection":[{"href":"https:\/\/www.pomoline.com\/fr\/wp-json\/wp\/v2\/product"}],"about":[{"href":"https:\/\/www.pomoline.com\/fr\/wp-json\/wp\/v2\/types\/product"}],"wp:featuredmedia":[{"embeddable":true,"href":"https:\/\/www.pomoline.com\/fr\/wp-json\/wp\/v2\/media\/409357"}],"wp:attachment":[{"href":"https:\/\/www.pomoline.com\/fr\/wp-json\/wp\/v2\/media?parent=322949"}],"wp:term":[{"taxonomy":"product_brand","embeddable":true,"href":"https:\/\/www.pomoline.com\/fr\/wp-json\/wp\/v2\/product_brand?post=322949"},{"taxonomy":"product_cat","embeddable":true,"href":"https:\/\/www.pomoline.com\/fr\/wp-json\/wp\/v2\/product_cat?post=322949"},{"taxonomy":"product_tag","embeddable":true,"href":"https:\/\/www.pomoline.com\/fr\/wp-json\/wp\/v2\/product_tag?post=322949"}],"curies":[{"name":"wp","href":"https:\/\/api.w.org\/{rel}","templated":true}]}}