{"id":322953,"date":"2024-04-27T13:08:00","date_gmt":"2024-04-27T11:08:00","guid":{"rendered":"https:\/\/www.pomoline.com\/web-pruebas\/producto\/tirador-pomo-de-mueble-metacrilato-colores-diseno-infantil-ninos\/"},"modified":"2025-03-13T23:09:44","modified_gmt":"2025-03-13T22:09:44","slug":"bouton-de-meuble-fleur-ronde-bleu-pour-enfants","status":"publish","type":"product","link":"https:\/\/www.pomoline.com\/fr\/produit\/bouton-de-meuble-fleur-ronde-bleu-pour-enfants\/","title":{"rendered":"BOUTON DE MEUBLE FLEUR RONDE BLEU POUR ENFANTS"},"content":{"rendered":"<p>Boutons et poign\u00e9es de couleurs pour les meubles \u00e0 tiroirs pour enfants. Ils ont \u00e9t\u00e9 con\u00e7us avec du marial tel que du m\u00e9thacrylate qui donne une touche lumineuse et color\u00e9e \u00e0 la chambre des enfants. Ce mod\u00e8le particulier est le MOD 606 bouton de meuble fl<\/p>\n","protected":false},"excerpt":{"rendered":"<p>Boutons et poign\u00e9es de couleurs pour les meubles \u00e0 tiroirs pour enfants. Ils ont \u00e9t\u00e9 con\u00e7us avec du marial tel que du m\u00e9thacrylate qui donne une touche lumineuse et color\u00e9e \u00e0 la chambre des enfants. Ce mod\u00e8le particulier est le MOD 606 bouton de meuble fl<\/p>\n","protected":false},"featured_media":409353,"template":"","meta":{"_joinchat":[]},"product_brand":[],"product_cat":[5355,5357,995],"product_tag":[],"class_list":{"0":"post-322953","1":"product","2":"type-product","3":"status-publish","4":"has-post-thumbnail","6":"product_cat-ofertas","7":"product_cat-ofertas-fr","8":"product_cat-boutons-meuble-pour-enfants-bebe","9":"pa_color-rose-poignees-boutons-pieds-meuble-portamanteaux-mur-porte","10":"pa_tendencia-bountons-fleur-pour-tiroir-meuble","12":"first","13":"instock","14":"sale","15":"taxable","16":"shipping-taxable","17":"purchasable","18":"product-type-variable","19":"has-default-attributes","20":"wvs-archive-product-wrapper"},"_links":{"self":[{"href":"https:\/\/www.pomoline.com\/fr\/wp-json\/wp\/v2\/product\/322953","targetHints":{"allow":["GET"]}}],"collection":[{"href":"https:\/\/www.pomoline.com\/fr\/wp-json\/wp\/v2\/product"}],"about":[{"href":"https:\/\/www.pomoline.com\/fr\/wp-json\/wp\/v2\/types\/product"}],"wp:featuredmedia":[{"embeddable":true,"href":"https:\/\/www.pomoline.com\/fr\/wp-json\/wp\/v2\/media\/409353"}],"wp:attachment":[{"href":"https:\/\/www.pomoline.com\/fr\/wp-json\/wp\/v2\/media?parent=322953"}],"wp:term":[{"taxonomy":"product_brand","embeddable":true,"href":"https:\/\/www.pomoline.com\/fr\/wp-json\/wp\/v2\/product_brand?post=322953"},{"taxonomy":"product_cat","embeddable":true,"href":"https:\/\/www.pomoline.com\/fr\/wp-json\/wp\/v2\/product_cat?post=322953"},{"taxonomy":"product_tag","embeddable":true,"href":"https:\/\/www.pomoline.com\/fr\/wp-json\/wp\/v2\/product_tag?post=322953"}],"curies":[{"name":"wp","href":"https:\/\/api.w.org\/{rel}","templated":true}]}}