{"id":322957,"date":"2024-04-27T13:08:05","date_gmt":"2024-04-27T11:08:05","guid":{"rendered":"https:\/\/www.pomoline.com\/web-pruebas\/producto\/deslizantes-patines-adhesivo-redondo-para-pata-mueble-silla-cama\/"},"modified":"2025-03-13T23:09:29","modified_gmt":"2025-03-13T22:09:29","slug":"patins-glisseurs-round-adhesif-pour-pied-jambe-meuble-chaise","status":"publish","type":"product","link":"https:\/\/www.pomoline.com\/fr\/produit\/patins-glisseurs-round-adhesif-pour-pied-jambe-meuble-chaise\/","title":{"rendered":"PATINS GLISSEURS ROUND ADH\u00c9SIF POUR PIED JAMBE MEUBLE CHAISE"},"content":{"rendered":"<p>Patins et patins pour meubles, chaises et tables. Ils ont un adh\u00e9sif tr\u00e8s fort et facilitent la circulation des meubles lourds s&rsquo;ils rayent le sol et \u00e9liminent le bruit tra\u00eenant. Ce mod\u00e8le particulier est le MOD 6010 patins glisseurs round adh\u00e9sif pour pi<\/p>\n","protected":false},"excerpt":{"rendered":"<p>Patins et patins pour meubles, chaises et tables. Ils ont un adh\u00e9sif tr\u00e8s fort et facilitent la circulation des meubles lourds s&rsquo;ils rayent le sol et \u00e9liminent le bruit tra\u00eenant. Ce mod\u00e8le particulier est le MOD 6010 patins glisseurs round adh\u00e9sif pour pi<\/p>\n","protected":false},"featured_media":409349,"template":"","meta":{"_joinchat":[]},"product_brand":[],"product_cat":[1031],"product_tag":[],"class_list":{"0":"post-322957","1":"product","2":"type-product","3":"status-publish","4":"has-post-thumbnail","6":"product_cat-bouchon-embouts-feutre-glisser-adhesif-antiderapant-patins","7":"pa_color-gris-poignees-boutons-pieds-meuble-portamanteaux-mur-porte","8":"pa_tendencia-feutres-patins-meuble-glisseurs-bouchons-chaise-cache-vis","10":"first","11":"instock","12":"taxable","13":"shipping-taxable","14":"purchasable","15":"product-type-variable","16":"has-default-attributes","17":"wvs-archive-product-wrapper"},"_links":{"self":[{"href":"https:\/\/www.pomoline.com\/fr\/wp-json\/wp\/v2\/product\/322957","targetHints":{"allow":["GET"]}}],"collection":[{"href":"https:\/\/www.pomoline.com\/fr\/wp-json\/wp\/v2\/product"}],"about":[{"href":"https:\/\/www.pomoline.com\/fr\/wp-json\/wp\/v2\/types\/product"}],"wp:featuredmedia":[{"embeddable":true,"href":"https:\/\/www.pomoline.com\/fr\/wp-json\/wp\/v2\/media\/409349"}],"wp:attachment":[{"href":"https:\/\/www.pomoline.com\/fr\/wp-json\/wp\/v2\/media?parent=322957"}],"wp:term":[{"taxonomy":"product_brand","embeddable":true,"href":"https:\/\/www.pomoline.com\/fr\/wp-json\/wp\/v2\/product_brand?post=322957"},{"taxonomy":"product_cat","embeddable":true,"href":"https:\/\/www.pomoline.com\/fr\/wp-json\/wp\/v2\/product_cat?post=322957"},{"taxonomy":"product_tag","embeddable":true,"href":"https:\/\/www.pomoline.com\/fr\/wp-json\/wp\/v2\/product_tag?post=322957"}],"curies":[{"name":"wp","href":"https:\/\/api.w.org\/{rel}","templated":true}]}}