{"id":322977,"date":"2024-04-27T13:08:36","date_gmt":"2024-04-27T11:08:36","guid":{"rendered":"https:\/\/www.pomoline.com\/web-pruebas\/producto\/antideslizantes-paragolpes-antiruido-neopreno-adhesivo-20mm\/"},"modified":"2025-03-13T23:08:06","modified_gmt":"2025-03-13T22:08:06","slug":"antiderapant-pare-chocs-mousse-noir-adhesif-meuble","status":"publish","type":"product","link":"https:\/\/www.pomoline.com\/fr\/produit\/antiderapant-pare-chocs-mousse-noir-adhesif-meuble\/","title":{"rendered":"ANTID\u00c9RAPANT PARE-CHOCS MOUSSE NOIR ADH\u00c9SIF MEUBLE"},"content":{"rendered":"<p>Porte en caoutchouc frapper armoire de meubles pour supprimer la fermeture de bruit. Ce mod\u00e8le particulier est le MOD 6005 antid\u00e9rapant pare-chocs mousse noir adh\u00e9sif meuble<\/p>\n","protected":false},"excerpt":{"rendered":"<p>Porte en caoutchouc frapper armoire de meubles pour supprimer la fermeture de bruit. Ce mod\u00e8le particulier est le MOD 6005 antid\u00e9rapant pare-chocs mousse noir adh\u00e9sif meuble<\/p>\n","protected":false},"featured_media":409329,"template":"","meta":{"_joinchat":[]},"product_brand":[],"product_cat":[1031],"product_tag":[],"class_list":{"0":"post-322977","1":"product","2":"type-product","3":"status-publish","4":"has-post-thumbnail","6":"product_cat-bouchon-embouts-feutre-glisser-adhesif-antiderapant-patins","7":"pa_color-noir-poignees-boutons-pieds-meuble-portamanteaux-mur-porte","8":"pa_tendencia-feutres-patins-meuble-glisseurs-bouchons-chaise-cache-vis","10":"first","11":"instock","12":"taxable","13":"shipping-taxable","14":"purchasable","15":"product-type-variable","16":"has-default-attributes","17":"wvs-archive-product-wrapper"},"_links":{"self":[{"href":"https:\/\/www.pomoline.com\/fr\/wp-json\/wp\/v2\/product\/322977","targetHints":{"allow":["GET"]}}],"collection":[{"href":"https:\/\/www.pomoline.com\/fr\/wp-json\/wp\/v2\/product"}],"about":[{"href":"https:\/\/www.pomoline.com\/fr\/wp-json\/wp\/v2\/types\/product"}],"wp:featuredmedia":[{"embeddable":true,"href":"https:\/\/www.pomoline.com\/fr\/wp-json\/wp\/v2\/media\/409329"}],"wp:attachment":[{"href":"https:\/\/www.pomoline.com\/fr\/wp-json\/wp\/v2\/media?parent=322977"}],"wp:term":[{"taxonomy":"product_brand","embeddable":true,"href":"https:\/\/www.pomoline.com\/fr\/wp-json\/wp\/v2\/product_brand?post=322977"},{"taxonomy":"product_cat","embeddable":true,"href":"https:\/\/www.pomoline.com\/fr\/wp-json\/wp\/v2\/product_cat?post=322977"},{"taxonomy":"product_tag","embeddable":true,"href":"https:\/\/www.pomoline.com\/fr\/wp-json\/wp\/v2\/product_tag?post=322977"}],"curies":[{"name":"wp","href":"https:\/\/api.w.org\/{rel}","templated":true}]}}