{"id":322985,"date":"2024-04-27T13:08:49","date_gmt":"2024-04-27T11:08:49","guid":{"rendered":"https:\/\/www.pomoline.com\/web-pruebas\/producto\/fieltro-deslizantes-cuadrado-blanco-y-marron-20x20mm\/"},"modified":"2025-03-13T23:07:32","modified_gmt":"2025-03-13T22:07:32","slug":"feutre-glisser-adhesif-carre-blanc-et-marron-20x20mm","status":"publish","type":"product","link":"https:\/\/www.pomoline.com\/fr\/produit\/feutre-glisser-adhesif-carre-blanc-et-marron-20x20mm\/","title":{"rendered":"FEUTRE GLISSER ADH\u00c9SIF CARR\u00c9 BLANC ET MARRON 20X20MM"},"content":{"rendered":"<p>Feutre adh\u00e9sif fabriqu\u00e9 avec une haute qualit\u00e9 pour prot\u00e9ger votre plancher de bois des \u00e9gratignures des chaises. Ce mod\u00e8le particulier est le MOD 6003 feutre glisser adh\u00e9sif carr\u00e9 blanc et marron 20x20mm<\/p>\n","protected":false},"excerpt":{"rendered":"<p>Feutre adh\u00e9sif fabriqu\u00e9 avec une haute qualit\u00e9 pour prot\u00e9ger votre plancher de bois des \u00e9gratignures des chaises. Ce mod\u00e8le particulier est le MOD 6003 feutre glisser adh\u00e9sif carr\u00e9 blanc et marron 20x20mm<\/p>\n","protected":false},"featured_media":409321,"template":"","meta":{"_joinchat":[]},"product_brand":[],"product_cat":[1031],"product_tag":[],"class_list":{"0":"post-322985","1":"product","2":"type-product","3":"status-publish","4":"has-post-thumbnail","6":"product_cat-bouchon-embouts-feutre-glisser-adhesif-antiderapant-patins","7":"pa_color-blanc-poignees-boutons-pieds-meuble-portamanteaux-mur-porte","8":"pa_color-marron-poignees-boutons-pieds-meuble-portamanteaux-mur-porte","9":"pa_tendencia-feutres-patins-meuble-glisseurs-bouchons-chaise-cache-vis","11":"first","12":"instock","13":"taxable","14":"shipping-taxable","15":"purchasable","16":"product-type-variable","17":"has-default-attributes","18":"wvs-archive-product-wrapper"},"_links":{"self":[{"href":"https:\/\/www.pomoline.com\/fr\/wp-json\/wp\/v2\/product\/322985","targetHints":{"allow":["GET"]}}],"collection":[{"href":"https:\/\/www.pomoline.com\/fr\/wp-json\/wp\/v2\/product"}],"about":[{"href":"https:\/\/www.pomoline.com\/fr\/wp-json\/wp\/v2\/types\/product"}],"wp:featuredmedia":[{"embeddable":true,"href":"https:\/\/www.pomoline.com\/fr\/wp-json\/wp\/v2\/media\/409321"}],"wp:attachment":[{"href":"https:\/\/www.pomoline.com\/fr\/wp-json\/wp\/v2\/media?parent=322985"}],"wp:term":[{"taxonomy":"product_brand","embeddable":true,"href":"https:\/\/www.pomoline.com\/fr\/wp-json\/wp\/v2\/product_brand?post=322985"},{"taxonomy":"product_cat","embeddable":true,"href":"https:\/\/www.pomoline.com\/fr\/wp-json\/wp\/v2\/product_cat?post=322985"},{"taxonomy":"product_tag","embeddable":true,"href":"https:\/\/www.pomoline.com\/fr\/wp-json\/wp\/v2\/product_tag?post=322985"}],"curies":[{"name":"wp","href":"https:\/\/api.w.org\/{rel}","templated":true}]}}