{"id":322993,"date":"2024-04-27T13:09:05","date_gmt":"2024-04-27T11:09:05","guid":{"rendered":"https:\/\/www.pomoline.com\/web-pruebas\/producto\/embellecedores-cubre-tapa-tornillos-adhesivo-13mm-mueble\/"},"modified":"2025-03-13T23:06:58","modified_gmt":"2025-03-13T22:06:58","slug":"cache-vis-enjoliveur-adhesif-13mm-meuble","status":"publish","type":"product","link":"https:\/\/www.pomoline.com\/fr\/produit\/cache-vis-enjoliveur-adhesif-13mm-meuble\/","title":{"rendered":"CACHE VIS ENJOLIVEUR ADH\u00c9SIF 13MM MEUBLE"},"content":{"rendered":"<p>Couvrez les vis pour cacher la t\u00eate de ceux-ci dans l&rsquo;assemblage de vos meubles. Nous avons beaucoup de couleurs et de textures de bois. Ce mod\u00e8le particulier est le MOD 6001 cache vis enjoliveur adh\u00e9sif 13mm meuble<\/p>\n","protected":false},"excerpt":{"rendered":"<p>Couvrez les vis pour cacher la t\u00eate de ceux-ci dans l&rsquo;assemblage de vos meubles. Nous avons beaucoup de couleurs et de textures de bois. Ce mod\u00e8le particulier est le MOD 6001 cache vis enjoliveur adh\u00e9sif 13mm meuble<\/p>\n","protected":false},"featured_media":409313,"template":"","meta":{"_joinchat":[]},"product_brand":[],"product_cat":[1031],"product_tag":[],"class_list":{"0":"post-322993","1":"product","2":"type-product","3":"status-publish","4":"has-post-thumbnail","6":"product_cat-bouchon-embouts-feutre-glisser-adhesif-antiderapant-patins","7":"pa_color-noir-poignees-boutons-pieds-meuble-portamanteaux-mur-porte","8":"pa_color-hetre-naturel-poignees-boutons-pieds-meuble-portamanteaux-mur-porte","9":"pa_color-blanc-poignees-boutons-pieds-meuble-portamanteaux-mur-porte","10":"pa_color-chene-poignees-boutons-pieds-meuble-portamanteaux-mur-porte","11":"pa_color-glace-poignees-boutons-pieds-meuble-portamanteaux-mur-porte","12":"pa_color-gris-poignees-boutons-pieds-meuble-portamanteaux-mur-porte","13":"pa_color-noyer-poignees-boutons-pieds-meuble-portamanteaux-mur-porte","14":"pa_color-os-poignees-boutons-pieds-meuble-portamanteaux-mur-porte","15":"pa_color-pin-naturel-poignees-boutons-pieds-meuble-portamanteaux-mur-porte","16":"pa_color-vieux-cerisier-poignees-boutons-pieds-meuble-portamanteaux-mur-porte","17":"pa_color-wengue-poignees-boutons-pieds-meuble-portamanteaux-mur-porte","18":"pa_tendencia-feutres-patins-meuble-glisseurs-bouchons-chaise-cache-vis","20":"first","21":"instock","22":"taxable","23":"shipping-taxable","24":"purchasable","25":"product-type-variable","26":"has-default-attributes","27":"wvs-archive-product-wrapper"},"_links":{"self":[{"href":"https:\/\/www.pomoline.com\/fr\/wp-json\/wp\/v2\/product\/322993","targetHints":{"allow":["GET"]}}],"collection":[{"href":"https:\/\/www.pomoline.com\/fr\/wp-json\/wp\/v2\/product"}],"about":[{"href":"https:\/\/www.pomoline.com\/fr\/wp-json\/wp\/v2\/types\/product"}],"wp:featuredmedia":[{"embeddable":true,"href":"https:\/\/www.pomoline.com\/fr\/wp-json\/wp\/v2\/media\/409313"}],"wp:attachment":[{"href":"https:\/\/www.pomoline.com\/fr\/wp-json\/wp\/v2\/media?parent=322993"}],"wp:term":[{"taxonomy":"product_brand","embeddable":true,"href":"https:\/\/www.pomoline.com\/fr\/wp-json\/wp\/v2\/product_brand?post=322993"},{"taxonomy":"product_cat","embeddable":true,"href":"https:\/\/www.pomoline.com\/fr\/wp-json\/wp\/v2\/product_cat?post=322993"},{"taxonomy":"product_tag","embeddable":true,"href":"https:\/\/www.pomoline.com\/fr\/wp-json\/wp\/v2\/product_tag?post=322993"}],"curies":[{"name":"wp","href":"https:\/\/api.w.org\/{rel}","templated":true}]}}