{"id":322997,"date":"2024-04-27T13:09:11","date_gmt":"2024-04-27T11:09:11","guid":{"rendered":"https:\/\/www.pomoline.com\/web-pruebas\/producto\/pomo-bola-del-mundo-para-tirador-mueble-vintage-y-cajonera-armario\/"},"modified":"2025-03-13T23:06:42","modified_gmt":"2025-03-13T22:06:42","slug":"bouton-boule-du-monde-meuble-enfant-poignee-tiroir","status":"publish","type":"product","link":"https:\/\/www.pomoline.com\/fr\/produit\/bouton-boule-du-monde-meuble-enfant-poignee-tiroir\/","title":{"rendered":"BOUTON BOULE DU MONDE MEUBLE ENFANT POIGN\u00c9E TIROIR"},"content":{"rendered":"<p>tu aimes voyager? Cette poign\u00e9e de meuble aux deux couleurs boule du monde sera tr\u00e8s originale sur vos meubles et armoires. tr\u00e8s adapt\u00e9 pour ouvrir des tiroirs, il peut \u00eatre combin\u00e9 avec n&rsquo;importe quel bouton ou porte-manteau de notre collection. Tu vas l<\/p>\n","protected":false},"excerpt":{"rendered":"<p>tu aimes voyager? Cette poign\u00e9e de meuble aux deux couleurs boule du monde sera tr\u00e8s originale sur vos meubles et armoires. tr\u00e8s adapt\u00e9 pour ouvrir des tiroirs, il peut \u00eatre combin\u00e9 avec n&rsquo;importe quel bouton ou porte-manteau de notre collection. Tu vas l<\/p>\n","protected":false},"featured_media":426329,"template":"","meta":{"_joinchat":[]},"product_brand":[],"product_cat":[995],"product_tag":[],"class_list":{"0":"post-322997","1":"product","2":"type-product","3":"status-publish","4":"has-post-thumbnail","6":"product_cat-boutons-meuble-pour-enfants-bebe","7":"pa_color-bleu-poignees-boutons-pieds-meuble-portamanteaux-mur-porte","8":"pa_color-marron-poignees-boutons-pieds-meuble-portamanteaux-mur-porte","9":"pa_tendencia-bouton-balle-tiroir-meuble","10":"pa_tendencia-poignees-boutons-meuble-retro","12":"first","13":"instock","14":"taxable","15":"shipping-taxable","16":"purchasable","17":"product-type-variable","18":"has-default-attributes","19":"wvs-archive-product-wrapper"},"_links":{"self":[{"href":"https:\/\/www.pomoline.com\/fr\/wp-json\/wp\/v2\/product\/322997","targetHints":{"allow":["GET"]}}],"collection":[{"href":"https:\/\/www.pomoline.com\/fr\/wp-json\/wp\/v2\/product"}],"about":[{"href":"https:\/\/www.pomoline.com\/fr\/wp-json\/wp\/v2\/types\/product"}],"wp:featuredmedia":[{"embeddable":true,"href":"https:\/\/www.pomoline.com\/fr\/wp-json\/wp\/v2\/media\/426329"}],"wp:attachment":[{"href":"https:\/\/www.pomoline.com\/fr\/wp-json\/wp\/v2\/media?parent=322997"}],"wp:term":[{"taxonomy":"product_brand","embeddable":true,"href":"https:\/\/www.pomoline.com\/fr\/wp-json\/wp\/v2\/product_brand?post=322997"},{"taxonomy":"product_cat","embeddable":true,"href":"https:\/\/www.pomoline.com\/fr\/wp-json\/wp\/v2\/product_cat?post=322997"},{"taxonomy":"product_tag","embeddable":true,"href":"https:\/\/www.pomoline.com\/fr\/wp-json\/wp\/v2\/product_tag?post=322997"}],"curies":[{"name":"wp","href":"https:\/\/api.w.org\/{rel}","templated":true}]}}