{"id":323025,"date":"2024-04-27T13:09:54","date_gmt":"2024-04-27T11:09:54","guid":{"rendered":"https:\/\/www.pomoline.com\/web-pruebas\/producto\/pomo-cristal-base-cromo-cajon-mueble-swarovski\/"},"modified":"2025-03-13T23:04:46","modified_gmt":"2025-03-13T22:04:46","slug":"bouton-verre-sculpte-base-chrome-tiroir-meuble-swarovski","status":"publish","type":"product","link":"https:\/\/www.pomoline.com\/fr\/produit\/bouton-verre-sculpte-base-chrome-tiroir-meuble-swarovski\/","title":{"rendered":"BOUTON VERRE SCULPT\u00c9 BASE CHROME TIROIR MEUBLE SWAROVSKI"},"content":{"rendered":"<p>\u00c9l\u00e9gant bouton de meuble en verre taill\u00e9 et base chrom\u00e9e \u00e0 paillettes en cristal Swarovski, pour cr\u00e9er une atmosph\u00e8re sophistiqu\u00e9e et faire ressortir votre meuble, de haute qualit\u00e9 et fabriqu\u00e9 en Europe, offre un look classique et se combine avec les autr<\/p>\n","protected":false},"excerpt":{"rendered":"<p>\u00c9l\u00e9gant bouton de meuble en verre taill\u00e9 et base chrom\u00e9e \u00e0 paillettes en cristal Swarovski, pour cr\u00e9er une atmosph\u00e8re sophistiqu\u00e9e et faire ressortir votre meuble, de haute qualit\u00e9 et fabriqu\u00e9 en Europe, offre un look classique et se combine avec les autr<\/p>\n","protected":false},"featured_media":409285,"template":"","meta":{"_joinchat":[]},"product_brand":[],"product_cat":[5189,1011],"product_tag":[],"class_list":{"0":"post-323025","1":"product","2":"type-product","3":"status-publish","4":"has-post-thumbnail","6":"product_cat-boutons-et-poignees-tiroir-meuble","7":"product_cat-poignees-style-luxe","8":"pa_color-cristal-poignees-boutons-pieds-meuble-portamanteaux-mur-porte","9":"pa_tendencia-poignees-meuble-de-luxe","11":"first","12":"instock","13":"taxable","14":"shipping-taxable","15":"purchasable","16":"product-type-variable","17":"has-default-attributes","18":"wvs-archive-product-wrapper"},"_links":{"self":[{"href":"https:\/\/www.pomoline.com\/fr\/wp-json\/wp\/v2\/product\/323025","targetHints":{"allow":["GET"]}}],"collection":[{"href":"https:\/\/www.pomoline.com\/fr\/wp-json\/wp\/v2\/product"}],"about":[{"href":"https:\/\/www.pomoline.com\/fr\/wp-json\/wp\/v2\/types\/product"}],"wp:featuredmedia":[{"embeddable":true,"href":"https:\/\/www.pomoline.com\/fr\/wp-json\/wp\/v2\/media\/409285"}],"wp:attachment":[{"href":"https:\/\/www.pomoline.com\/fr\/wp-json\/wp\/v2\/media?parent=323025"}],"wp:term":[{"taxonomy":"product_brand","embeddable":true,"href":"https:\/\/www.pomoline.com\/fr\/wp-json\/wp\/v2\/product_brand?post=323025"},{"taxonomy":"product_cat","embeddable":true,"href":"https:\/\/www.pomoline.com\/fr\/wp-json\/wp\/v2\/product_cat?post=323025"},{"taxonomy":"product_tag","embeddable":true,"href":"https:\/\/www.pomoline.com\/fr\/wp-json\/wp\/v2\/product_tag?post=323025"}],"curies":[{"name":"wp","href":"https:\/\/api.w.org\/{rel}","templated":true}]}}