{"id":323033,"date":"2024-04-27T13:10:09","date_gmt":"2024-04-27T11:10:09","guid":{"rendered":"https:\/\/www.pomoline.com\/web-pruebas\/producto\/pomo-hierro-envejecido-patina-azul-tiradores-mueble-desgastado-tiza\/"},"modified":"2025-03-13T23:04:12","modified_gmt":"2025-03-13T22:04:12","slug":"bouton-fer-vieilli-patine-bleu-poignee-meuble-shabby-chic-vintage","status":"publish","type":"product","link":"https:\/\/www.pomoline.com\/fr\/produit\/bouton-fer-vieilli-patine-bleu-poignee-meuble-shabby-chic-vintage\/","title":{"rendered":"BOUTON FER VIEILLI PATIN\u00c9 BLEU | POIGN\u00c9E MEUBLE SHABBY CHIC VINTAGE"},"content":{"rendered":"<p>Poign\u00e9e de bouton de meuble en fer antique peinte de diff\u00e9rentes couleurs effet craie de style vintage tr\u00e8s original pour vos meubles de chambre, salon et cuisine. Comprend les vis de placement, elles ont un diam\u00e8tre de 35 mm et d\u00e9passent de 28 mm. Habill<\/p>\n","protected":false},"excerpt":{"rendered":"<p>Poign\u00e9e de bouton de meuble en fer antique peinte de diff\u00e9rentes couleurs effet craie de style vintage tr\u00e8s original pour vos meubles de chambre, salon et cuisine. Comprend les vis de placement, elles ont un diam\u00e8tre de 35 mm et d\u00e9passent de 28 mm. Habill<\/p>\n","protected":false},"featured_media":409277,"template":"","meta":{"_joinchat":[]},"product_brand":[],"product_cat":[5189,995,979],"product_tag":[],"class_list":{"0":"post-323033","1":"product","2":"type-product","3":"status-publish","4":"has-post-thumbnail","6":"product_cat-boutons-et-poignees-tiroir-meuble","7":"product_cat-boutons-meuble-pour-enfants-bebe","8":"product_cat-poignees-meuble-style-vintage-chic","9":"pa_color-vert-poignees-boutons-pieds-meuble-portamanteaux-mur-porte","10":"pa_color-blanc-poignees-boutons-pieds-meuble-portamanteaux-mur-porte","11":"pa_color-bleu-poignees-boutons-pieds-meuble-portamanteaux-mur-porte","12":"pa_color-magenta-poignees-boutons-pieds-meuble-portamanteaux-mur-porte","13":"pa_color-orange-poignees-boutons-pieds-meuble-portamanteaux-mur-porte","14":"pa_color-rouge-poignees-boutons-pieds-meuble-portamanteaux-mur-porte","15":"pa_tendencia-boutons-poignees-meuble-shabby-chic","17":"first","18":"instock","19":"taxable","20":"shipping-taxable","21":"purchasable","22":"product-type-variable","23":"has-default-attributes","24":"wvs-archive-product-wrapper"},"_links":{"self":[{"href":"https:\/\/www.pomoline.com\/fr\/wp-json\/wp\/v2\/product\/323033","targetHints":{"allow":["GET"]}}],"collection":[{"href":"https:\/\/www.pomoline.com\/fr\/wp-json\/wp\/v2\/product"}],"about":[{"href":"https:\/\/www.pomoline.com\/fr\/wp-json\/wp\/v2\/types\/product"}],"wp:featuredmedia":[{"embeddable":true,"href":"https:\/\/www.pomoline.com\/fr\/wp-json\/wp\/v2\/media\/409277"}],"wp:attachment":[{"href":"https:\/\/www.pomoline.com\/fr\/wp-json\/wp\/v2\/media?parent=323033"}],"wp:term":[{"taxonomy":"product_brand","embeddable":true,"href":"https:\/\/www.pomoline.com\/fr\/wp-json\/wp\/v2\/product_brand?post=323033"},{"taxonomy":"product_cat","embeddable":true,"href":"https:\/\/www.pomoline.com\/fr\/wp-json\/wp\/v2\/product_cat?post=323033"},{"taxonomy":"product_tag","embeddable":true,"href":"https:\/\/www.pomoline.com\/fr\/wp-json\/wp\/v2\/product_tag?post=323033"}],"curies":[{"name":"wp","href":"https:\/\/api.w.org\/{rel}","templated":true}]}}