{"id":323041,"date":"2024-04-27T13:10:22","date_gmt":"2024-04-27T11:10:22","guid":{"rendered":"https:\/\/www.pomoline.com\/web-pruebas\/producto\/pomo-hierro-envejecido-patina-beige-shabby-tiradores-vintage-mueble\/"},"modified":"2025-03-13T23:03:38","modified_gmt":"2025-03-13T22:03:38","slug":"bouton-fer-vieilli-patine-beige-47mm-poignee-meuble-vintage","status":"publish","type":"product","link":"https:\/\/www.pomoline.com\/fr\/produit\/bouton-fer-vieilli-patine-beige-47mm-poignee-meuble-vintage\/","title":{"rendered":"BOUTON FER VIEILLI PATIN\u00c9 BEIGE 47MM| POIGN\u00c9E MEUBLE VINTAGE"},"content":{"rendered":"<p>Id\u00e9al pour les meubles de style colonial ! Poign\u00e9e de meuble en fer \u00e0 l&rsquo;ancienne peinte avec un effet craie de style vintage classique, beige marron et blanc, avec une forme de fleur tr\u00e8s originale pour vos meubles de chambre, de salon et de cuisine. Comp<\/p>\n","protected":false},"excerpt":{"rendered":"<p>Id\u00e9al pour les meubles de style colonial ! Poign\u00e9e de meuble en fer \u00e0 l&rsquo;ancienne peinte avec un effet craie de style vintage classique, beige marron et blanc, avec une forme de fleur tr\u00e8s originale pour vos meubles de chambre, de salon et de cuisine. Comp<\/p>\n","protected":false},"featured_media":409269,"template":"","meta":{"_joinchat":[]},"product_brand":[],"product_cat":[5189,979],"product_tag":[],"class_list":{"0":"post-323041","1":"product","2":"type-product","3":"status-publish","4":"has-post-thumbnail","6":"product_cat-boutons-et-poignees-tiroir-meuble","7":"product_cat-poignees-meuble-style-vintage-chic","8":"pa_color-blanc-poignees-boutons-pieds-meuble-portamanteaux-mur-porte","9":"pa_color-marron-poignees-boutons-pieds-meuble-portamanteaux-mur-porte","10":"pa_color-os-poignees-boutons-pieds-meuble-portamanteaux-mur-porte","11":"pa_tendencia-boutons-poignees-meuble-shabby-chic","13":"first","14":"instock","15":"taxable","16":"shipping-taxable","17":"purchasable","18":"product-type-variable","19":"has-default-attributes","20":"wvs-archive-product-wrapper"},"_links":{"self":[{"href":"https:\/\/www.pomoline.com\/fr\/wp-json\/wp\/v2\/product\/323041","targetHints":{"allow":["GET"]}}],"collection":[{"href":"https:\/\/www.pomoline.com\/fr\/wp-json\/wp\/v2\/product"}],"about":[{"href":"https:\/\/www.pomoline.com\/fr\/wp-json\/wp\/v2\/types\/product"}],"wp:featuredmedia":[{"embeddable":true,"href":"https:\/\/www.pomoline.com\/fr\/wp-json\/wp\/v2\/media\/409269"}],"wp:attachment":[{"href":"https:\/\/www.pomoline.com\/fr\/wp-json\/wp\/v2\/media?parent=323041"}],"wp:term":[{"taxonomy":"product_brand","embeddable":true,"href":"https:\/\/www.pomoline.com\/fr\/wp-json\/wp\/v2\/product_brand?post=323041"},{"taxonomy":"product_cat","embeddable":true,"href":"https:\/\/www.pomoline.com\/fr\/wp-json\/wp\/v2\/product_cat?post=323041"},{"taxonomy":"product_tag","embeddable":true,"href":"https:\/\/www.pomoline.com\/fr\/wp-json\/wp\/v2\/product_tag?post=323041"}],"curies":[{"name":"wp","href":"https:\/\/api.w.org\/{rel}","templated":true}]}}