{"id":323045,"date":"2024-04-27T13:10:30","date_gmt":"2024-04-27T11:10:30","guid":{"rendered":"https:\/\/www.pomoline.com\/web-pruebas\/producto\/pomo-hierro-envejecido-patina-beige-mate-tiradores-vintage-mueble\/"},"modified":"2025-03-13T23:03:22","modified_gmt":"2025-03-13T22:03:22","slug":"bouton-x-fer-vieilli-patine-beige-mat-poignee-meuble-shabby-chic","status":"publish","type":"product","link":"https:\/\/www.pomoline.com\/fr\/produit\/bouton-x-fer-vieilli-patine-beige-mat-poignee-meuble-shabby-chic\/","title":{"rendered":"BOUTON X FER VIEILLI PATIN\u00c9 BEIGE MAT | POIGN\u00c9E MEUBLE SHABBY CHIC"},"content":{"rendered":"<p>Id\u00e9al pour les meubles de style colonial ! Poign\u00e9e de bouton de meuble en fer antique peinte avec un effet craie de style vintage classique, beige marron et blanc, elles ont une s\u00e9rigraphie avec des dessins abstraits tr\u00e8s originaux pour vos meubles de cha<\/p>\n","protected":false},"excerpt":{"rendered":"<p>Id\u00e9al pour les meubles de style colonial ! Poign\u00e9e de bouton de meuble en fer antique peinte avec un effet craie de style vintage classique, beige marron et blanc, elles ont une s\u00e9rigraphie avec des dessins abstraits tr\u00e8s originaux pour vos meubles de cha<\/p>\n","protected":false},"featured_media":409265,"template":"","meta":{"_joinchat":[]},"product_brand":[],"product_cat":[5189,979],"product_tag":[],"class_list":{"0":"post-323045","1":"product","2":"type-product","3":"status-publish","4":"has-post-thumbnail","6":"product_cat-boutons-et-poignees-tiroir-meuble","7":"product_cat-poignees-meuble-style-vintage-chic","8":"pa_color-blanc-poignees-boutons-pieds-meuble-portamanteaux-mur-porte","9":"pa_color-marron-poignees-boutons-pieds-meuble-portamanteaux-mur-porte","10":"pa_color-os-poignees-boutons-pieds-meuble-portamanteaux-mur-porte","11":"pa_tendencia-boutons-poignees-meuble-shabby-chic","13":"first","14":"instock","15":"taxable","16":"shipping-taxable","17":"purchasable","18":"product-type-variable","19":"has-default-attributes","20":"wvs-archive-product-wrapper"},"_links":{"self":[{"href":"https:\/\/www.pomoline.com\/fr\/wp-json\/wp\/v2\/product\/323045","targetHints":{"allow":["GET"]}}],"collection":[{"href":"https:\/\/www.pomoline.com\/fr\/wp-json\/wp\/v2\/product"}],"about":[{"href":"https:\/\/www.pomoline.com\/fr\/wp-json\/wp\/v2\/types\/product"}],"wp:featuredmedia":[{"embeddable":true,"href":"https:\/\/www.pomoline.com\/fr\/wp-json\/wp\/v2\/media\/409265"}],"wp:attachment":[{"href":"https:\/\/www.pomoline.com\/fr\/wp-json\/wp\/v2\/media?parent=323045"}],"wp:term":[{"taxonomy":"product_brand","embeddable":true,"href":"https:\/\/www.pomoline.com\/fr\/wp-json\/wp\/v2\/product_brand?post=323045"},{"taxonomy":"product_cat","embeddable":true,"href":"https:\/\/www.pomoline.com\/fr\/wp-json\/wp\/v2\/product_cat?post=323045"},{"taxonomy":"product_tag","embeddable":true,"href":"https:\/\/www.pomoline.com\/fr\/wp-json\/wp\/v2\/product_tag?post=323045"}],"curies":[{"name":"wp","href":"https:\/\/api.w.org\/{rel}","templated":true}]}}