{"id":323053,"date":"2024-04-27T13:10:41","date_gmt":"2024-04-27T11:10:41","guid":{"rendered":"https:\/\/www.pomoline.com\/web-pruebas\/producto\/tirador-pomo-de-mueble-lagrimas-cristal-ambar-artesanal\/"},"modified":"2025-03-13T23:02:48","modified_gmt":"2025-03-13T22:02:48","slug":"bouton-de-meuble-larmes-glace-oranger","status":"publish","type":"product","link":"https:\/\/www.pomoline.com\/fr\/produit\/bouton-de-meuble-larmes-glace-oranger\/","title":{"rendered":"BOUTON DE MEUBLE LARMES GLACE ORANGER"},"content":{"rendered":"<p>Boutons et poign\u00e9es en verre, verre, m\u00e9tal et bois pour meubles rustiques et ethniques \u00e0 monter sur le devant du tiroir. Ce mod\u00e8le particulier est le MOD 559 bouton de meuble larmes glace oranger<\/p>\n","protected":false},"excerpt":{"rendered":"<p>Boutons et poign\u00e9es en verre, verre, m\u00e9tal et bois pour meubles rustiques et ethniques \u00e0 monter sur le devant du tiroir. Ce mod\u00e8le particulier est le MOD 559 bouton de meuble larmes glace oranger<\/p>\n","protected":false},"featured_media":409257,"template":"","meta":{"_joinchat":[]},"product_brand":[],"product_cat":[5189,975],"product_tag":[],"class_list":{"0":"post-323053","1":"product","2":"type-product","3":"status-publish","4":"has-post-thumbnail","6":"product_cat-boutons-et-poignees-tiroir-meuble","7":"product_cat-poignees-boutons-meuble-style-ethnique-rustique","8":"pa_color-cristal-poignees-boutons-pieds-meuble-portamanteaux-mur-porte","9":"pa_tendencia-pognees-meuble-art-deco","11":"first","12":"instock","13":"taxable","14":"shipping-taxable","15":"purchasable","16":"product-type-variable","17":"has-default-attributes","18":"wvs-archive-product-wrapper"},"_links":{"self":[{"href":"https:\/\/www.pomoline.com\/fr\/wp-json\/wp\/v2\/product\/323053","targetHints":{"allow":["GET"]}}],"collection":[{"href":"https:\/\/www.pomoline.com\/fr\/wp-json\/wp\/v2\/product"}],"about":[{"href":"https:\/\/www.pomoline.com\/fr\/wp-json\/wp\/v2\/types\/product"}],"wp:featuredmedia":[{"embeddable":true,"href":"https:\/\/www.pomoline.com\/fr\/wp-json\/wp\/v2\/media\/409257"}],"wp:attachment":[{"href":"https:\/\/www.pomoline.com\/fr\/wp-json\/wp\/v2\/media?parent=323053"}],"wp:term":[{"taxonomy":"product_brand","embeddable":true,"href":"https:\/\/www.pomoline.com\/fr\/wp-json\/wp\/v2\/product_brand?post=323053"},{"taxonomy":"product_cat","embeddable":true,"href":"https:\/\/www.pomoline.com\/fr\/wp-json\/wp\/v2\/product_cat?post=323053"},{"taxonomy":"product_tag","embeddable":true,"href":"https:\/\/www.pomoline.com\/fr\/wp-json\/wp\/v2\/product_tag?post=323053"}],"curies":[{"name":"wp","href":"https:\/\/api.w.org\/{rel}","templated":true}]}}