{"id":323061,"date":"2024-04-27T13:11:00","date_gmt":"2024-04-27T11:11:00","guid":{"rendered":"https:\/\/www.pomoline.com\/web-pruebas\/producto\/pomo-tirador-metal-bronce-con-patina-blanca-reloj-medidor-mueble-retro-vintage\/"},"modified":"2025-03-13T23:02:10","modified_gmt":"2025-03-13T22:02:10","slug":"bouton-poignee-metal-bronze-patinee-compteur-meuble-retro-vintage","status":"publish","type":"product","link":"https:\/\/www.pomoline.com\/fr\/produit\/bouton-poignee-metal-bronze-patinee-compteur-meuble-retro-vintage\/","title":{"rendered":"BOUTON POIGN\u00c9E METAL BRONZE PATIN\u00c9E COMPTEUR MEUBLE RETRO VINTAGE"},"content":{"rendered":"<p>Boutons de mobilier poign\u00e9es design r\u00e9tro vintage avec motif s\u00e9rigraphi\u00e9 dans une base en t\u00f4le sur boutons en m\u00e9tal ou en bois. Une fois assembl\u00e9s dans le tiroir, ils sont tr\u00e8s beaux. Ce mod\u00e8le particulier est le MOD 550N bouton poign\u00e9e bronze patin\u00e9e bou<\/p>\n","protected":false},"excerpt":{"rendered":"<p>Boutons de mobilier poign\u00e9es design r\u00e9tro vintage avec motif s\u00e9rigraphi\u00e9 dans une base en t\u00f4le sur boutons en m\u00e9tal ou en bois. Une fois assembl\u00e9s dans le tiroir, ils sont tr\u00e8s beaux. Ce mod\u00e8le particulier est le MOD 550N bouton poign\u00e9e bronze patin\u00e9e bou<\/p>\n","protected":false},"featured_media":409249,"template":"","meta":{"_joinchat":[]},"product_brand":[],"product_cat":[5189,1003],"product_tag":[],"class_list":{"0":"post-323061","1":"product","2":"type-product","3":"status-publish","4":"has-post-thumbnail","6":"product_cat-boutons-et-poignees-tiroir-meuble","7":"product_cat-poignees-meuble-style-retro","8":"pa_color-cuivre-poignees-boutons-pieds-meuble-portamanteaux-mur-porte","9":"pa_color-patine-blanche-argent-poignees-boutons-pieds-meuble-portamanteaux-mur-porte","10":"pa_color-patine-blanche-doree-poignees-boutons-pieds-meuble-portamanteaux-mur-porte","11":"pa_color-patine-blanc-noir-poignees-boutons-pieds-meuble-portamanteaux-mur-porte","12":"pa_color-vieil-argent-poignees-boutons-pieds-meuble-portamanteaux-mur-porte","13":"pa_color-vieux-laiton-poignees-boutons-pieds-meuble-portamanteaux-mur-porte","14":"pa_tendencia-poignees-boutons-meuble-retro","16":"first","17":"instock","18":"taxable","19":"shipping-taxable","20":"purchasable","21":"product-type-variable","22":"has-default-attributes","23":"wvs-archive-product-wrapper"},"_links":{"self":[{"href":"https:\/\/www.pomoline.com\/fr\/wp-json\/wp\/v2\/product\/323061","targetHints":{"allow":["GET"]}}],"collection":[{"href":"https:\/\/www.pomoline.com\/fr\/wp-json\/wp\/v2\/product"}],"about":[{"href":"https:\/\/www.pomoline.com\/fr\/wp-json\/wp\/v2\/types\/product"}],"wp:featuredmedia":[{"embeddable":true,"href":"https:\/\/www.pomoline.com\/fr\/wp-json\/wp\/v2\/media\/409249"}],"wp:attachment":[{"href":"https:\/\/www.pomoline.com\/fr\/wp-json\/wp\/v2\/media?parent=323061"}],"wp:term":[{"taxonomy":"product_brand","embeddable":true,"href":"https:\/\/www.pomoline.com\/fr\/wp-json\/wp\/v2\/product_brand?post=323061"},{"taxonomy":"product_cat","embeddable":true,"href":"https:\/\/www.pomoline.com\/fr\/wp-json\/wp\/v2\/product_cat?post=323061"},{"taxonomy":"product_tag","embeddable":true,"href":"https:\/\/www.pomoline.com\/fr\/wp-json\/wp\/v2\/product_tag?post=323061"}],"curies":[{"name":"wp","href":"https:\/\/api.w.org\/{rel}","templated":true}]}}