{"id":323077,"date":"2024-04-27T13:11:28","date_gmt":"2024-04-27T11:11:28","guid":{"rendered":"https:\/\/www.pomoline.com\/web-pruebas\/producto\/pomo-tirador-metal-bronce-con-patina-blanca-lavanda-jardin-mueble-retro-vintage\/"},"modified":"2025-03-13T23:00:58","modified_gmt":"2025-03-13T22:00:58","slug":"bouton-poignee-metal-bronze-patinee-fleur-jardin-meuble-retro-vintage","status":"publish","type":"product","link":"https:\/\/www.pomoline.com\/fr\/produit\/bouton-poignee-metal-bronze-patinee-fleur-jardin-meuble-retro-vintage\/","title":{"rendered":"BOUTON POIGN\u00c9E METAL BRONZE PATIN\u00c9E FLEUR JARDIN MEUBLE RETRO VINTAGE"},"content":{"rendered":"<p>Ce bouton de meuble au design vintage et r\u00e9tro avec un motif en t\u00f4le s\u00e9rigraphi\u00e9 sur un socle de boutons en m\u00e9tal ou en bois, peut \u00eatre combin\u00e9 au gr\u00e9 de vos envies, si vous souhaitez un socle en m\u00e9tal, vous choisissez sa finition, argent, bronze, fer ..<\/p>\n","protected":false},"excerpt":{"rendered":"<p>Ce bouton de meuble au design vintage et r\u00e9tro avec un motif en t\u00f4le s\u00e9rigraphi\u00e9 sur un socle de boutons en m\u00e9tal ou en bois, peut \u00eatre combin\u00e9 au gr\u00e9 de vos envies, si vous souhaitez un socle en m\u00e9tal, vous choisissez sa finition, argent, bronze, fer ..<\/p>\n","protected":false},"featured_media":409233,"template":"","meta":{"_joinchat":[]},"product_brand":[],"product_cat":[5189,1003],"product_tag":[],"class_list":{"0":"post-323077","1":"product","2":"type-product","3":"status-publish","4":"has-post-thumbnail","6":"product_cat-boutons-et-poignees-tiroir-meuble","7":"product_cat-poignees-meuble-style-retro","8":"pa_color-cuivre-poignees-boutons-pieds-meuble-portamanteaux-mur-porte","9":"pa_color-patine-blanche-argent-poignees-boutons-pieds-meuble-portamanteaux-mur-porte","10":"pa_color-patine-blanche-doree-poignees-boutons-pieds-meuble-portamanteaux-mur-porte","11":"pa_color-patine-blanc-noir-poignees-boutons-pieds-meuble-portamanteaux-mur-porte","12":"pa_color-vieil-argent-poignees-boutons-pieds-meuble-portamanteaux-mur-porte","13":"pa_color-vieux-laiton-poignees-boutons-pieds-meuble-portamanteaux-mur-porte","14":"pa_tendencia-poignees-boutons-vintage-pour-meuble","16":"first","17":"instock","18":"taxable","19":"shipping-taxable","20":"purchasable","21":"product-type-variable","22":"has-default-attributes","23":"wvs-archive-product-wrapper"},"_links":{"self":[{"href":"https:\/\/www.pomoline.com\/fr\/wp-json\/wp\/v2\/product\/323077","targetHints":{"allow":["GET"]}}],"collection":[{"href":"https:\/\/www.pomoline.com\/fr\/wp-json\/wp\/v2\/product"}],"about":[{"href":"https:\/\/www.pomoline.com\/fr\/wp-json\/wp\/v2\/types\/product"}],"wp:featuredmedia":[{"embeddable":true,"href":"https:\/\/www.pomoline.com\/fr\/wp-json\/wp\/v2\/media\/409233"}],"wp:attachment":[{"href":"https:\/\/www.pomoline.com\/fr\/wp-json\/wp\/v2\/media?parent=323077"}],"wp:term":[{"taxonomy":"product_brand","embeddable":true,"href":"https:\/\/www.pomoline.com\/fr\/wp-json\/wp\/v2\/product_brand?post=323077"},{"taxonomy":"product_cat","embeddable":true,"href":"https:\/\/www.pomoline.com\/fr\/wp-json\/wp\/v2\/product_cat?post=323077"},{"taxonomy":"product_tag","embeddable":true,"href":"https:\/\/www.pomoline.com\/fr\/wp-json\/wp\/v2\/product_tag?post=323077"}],"curies":[{"name":"wp","href":"https:\/\/api.w.org\/{rel}","templated":true}]}}