{"id":323113,"date":"2024-04-27T13:12:19","date_gmt":"2024-04-27T11:12:19","guid":{"rendered":"https:\/\/www.pomoline.com\/web-pruebas\/producto\/pata-conica-madera-haya-mueble-nordico-escandinavo\/"},"modified":"2025-03-13T22:58:04","modified_gmt":"2025-03-13T21:58:04","slug":"pied-conique-droit-bois-hetre-blanc-meuble-nordic-scandinave","status":"publish","type":"product","link":"https:\/\/www.pomoline.com\/fr\/produit\/pied-conique-droit-bois-hetre-blanc-meuble-nordic-scandinave\/","title":{"rendered":"PIED CONIQUE DROIT BOIS H\u00caTRE BLANC MEUBLE NORDIC SCANDINAVE"},"content":{"rendered":"<p>Pieds en bois conique pour meubles et table nordique scandinave. Le bois trouve son origine dans des plantations durables et certifi\u00e9es. Ce mod\u00e8le particulier est le MOD 5088 pied conique droit bois h\u00eatre blanc meuble nordic scandinave<\/p>\n","protected":false},"excerpt":{"rendered":"<p>Pieds en bois conique pour meubles et table nordique scandinave. Le bois trouve son origine dans des plantations durables et certifi\u00e9es. Ce mod\u00e8le particulier est le MOD 5088 pied conique droit bois h\u00eatre blanc meuble nordic scandinave<\/p>\n","protected":false},"featured_media":409197,"template":"","meta":{"_joinchat":[]},"product_brand":[],"product_cat":[5355,5357,1019],"product_tag":[],"class_list":{"0":"post-323113","1":"product","2":"type-product","3":"status-publish","4":"has-post-thumbnail","6":"product_cat-ofertas","7":"product_cat-ofertas-fr","8":"product_cat-pieds-table-et-meuble","9":"pa_color-noir-poignees-boutons-pieds-meuble-portamanteaux-mur-porte","10":"pa_color-hetre-naturel-poignees-boutons-pieds-meuble-portamanteaux-mur-porte","11":"pa_color-blanc-poignees-boutons-pieds-meuble-portamanteaux-mur-porte","12":"pa_color-bois-brut-poignees-boutons-pieds-meuble-portamanteaux-mur-porte","13":"pa_tendencia-pieds-table","14":"pa_tendencia-pieds-pour-meuble-nordique-scandinave","16":"first","17":"instock","18":"sale","19":"taxable","20":"shipping-taxable","21":"purchasable","22":"product-type-variable","23":"has-default-attributes","24":"wvs-archive-product-wrapper"},"_links":{"self":[{"href":"https:\/\/www.pomoline.com\/fr\/wp-json\/wp\/v2\/product\/323113","targetHints":{"allow":["GET"]}}],"collection":[{"href":"https:\/\/www.pomoline.com\/fr\/wp-json\/wp\/v2\/product"}],"about":[{"href":"https:\/\/www.pomoline.com\/fr\/wp-json\/wp\/v2\/types\/product"}],"wp:featuredmedia":[{"embeddable":true,"href":"https:\/\/www.pomoline.com\/fr\/wp-json\/wp\/v2\/media\/409197"}],"wp:attachment":[{"href":"https:\/\/www.pomoline.com\/fr\/wp-json\/wp\/v2\/media?parent=323113"}],"wp:term":[{"taxonomy":"product_brand","embeddable":true,"href":"https:\/\/www.pomoline.com\/fr\/wp-json\/wp\/v2\/product_brand?post=323113"},{"taxonomy":"product_cat","embeddable":true,"href":"https:\/\/www.pomoline.com\/fr\/wp-json\/wp\/v2\/product_cat?post=323113"},{"taxonomy":"product_tag","embeddable":true,"href":"https:\/\/www.pomoline.com\/fr\/wp-json\/wp\/v2\/product_tag?post=323113"}],"curies":[{"name":"wp","href":"https:\/\/api.w.org\/{rel}","templated":true}]}}