{"id":323133,"date":"2024-04-27T13:12:49","date_gmt":"2024-04-27T11:12:49","guid":{"rendered":"https:\/\/www.pomoline.com\/web-pruebas\/producto\/pata-madera-torneada-pino-altura-150mm\/"},"modified":"2025-03-13T22:56:34","modified_gmt":"2025-03-13T21:56:34","slug":"pied-bois-tournee-pin-pieds-accessoires-meuble-haute-150mm","status":"publish","type":"product","link":"https:\/\/www.pomoline.com\/fr\/produit\/pied-bois-tournee-pin-pieds-accessoires-meuble-haute-150mm\/","title":{"rendered":"PIED BOIS TOURN\u00c9E PIN | PIEDS ACCESSOIRES MEUBLE HAUTE 150MM"},"content":{"rendered":"<p>Pieds en bois tourn\u00e9 pour monter sur des tables et des meubles et les vendre bruts \u00e0 peindre ou finis. Le bois trouve son origine dans des plantations durables et certifi\u00e9es. Ce mod\u00e8le particulier est le MOD 5052 pied bois tourn\u00e9e pin | pieds accessoires<\/p>\n","protected":false},"excerpt":{"rendered":"<p>Pieds en bois tourn\u00e9 pour monter sur des tables et des meubles et les vendre bruts \u00e0 peindre ou finis. Le bois trouve son origine dans des plantations durables et certifi\u00e9es. Ce mod\u00e8le particulier est le MOD 5052 pied bois tourn\u00e9e pin | pieds accessoires<\/p>\n","protected":false},"featured_media":409177,"template":"","meta":{"_joinchat":[]},"product_brand":[],"product_cat":[1019],"product_tag":[],"class_list":{"0":"post-323133","1":"product","2":"type-product","3":"status-publish","4":"has-post-thumbnail","6":"product_cat-pieds-table-et-meuble","7":"pa_color-bois-brut-poignees-boutons-pieds-meuble-portamanteaux-mur-porte","8":"pa_color-noyer-poignees-boutons-pieds-meuble-portamanteaux-mur-porte","9":"pa_tendencia-pieds-de-meuble-cuisine","11":"first","12":"instock","13":"taxable","14":"shipping-taxable","15":"purchasable","16":"product-type-variable","17":"has-default-attributes","18":"wvs-archive-product-wrapper"},"_links":{"self":[{"href":"https:\/\/www.pomoline.com\/fr\/wp-json\/wp\/v2\/product\/323133","targetHints":{"allow":["GET"]}}],"collection":[{"href":"https:\/\/www.pomoline.com\/fr\/wp-json\/wp\/v2\/product"}],"about":[{"href":"https:\/\/www.pomoline.com\/fr\/wp-json\/wp\/v2\/types\/product"}],"wp:featuredmedia":[{"embeddable":true,"href":"https:\/\/www.pomoline.com\/fr\/wp-json\/wp\/v2\/media\/409177"}],"wp:attachment":[{"href":"https:\/\/www.pomoline.com\/fr\/wp-json\/wp\/v2\/media?parent=323133"}],"wp:term":[{"taxonomy":"product_brand","embeddable":true,"href":"https:\/\/www.pomoline.com\/fr\/wp-json\/wp\/v2\/product_brand?post=323133"},{"taxonomy":"product_cat","embeddable":true,"href":"https:\/\/www.pomoline.com\/fr\/wp-json\/wp\/v2\/product_cat?post=323133"},{"taxonomy":"product_tag","embeddable":true,"href":"https:\/\/www.pomoline.com\/fr\/wp-json\/wp\/v2\/product_tag?post=323133"}],"curies":[{"name":"wp","href":"https:\/\/api.w.org\/{rel}","templated":true}]}}