{"id":323137,"date":"2024-04-27T13:12:58","date_gmt":"2024-04-27T11:12:58","guid":{"rendered":"https:\/\/www.pomoline.com\/web-pruebas\/producto\/pata-mueble-sofa-madera-haya-altura-50mm\/"},"modified":"2025-03-13T22:56:17","modified_gmt":"2025-03-13T21:56:17","slug":"pied-meuble-sofa-bois-hetre-laque-blanc-haute-50mm","status":"publish","type":"product","link":"https:\/\/www.pomoline.com\/fr\/produit\/pied-meuble-sofa-bois-hetre-laque-blanc-haute-50mm\/","title":{"rendered":"PIED MEUBLE SOFA BOIS H\u00caTRE LAQU\u00c9 BLANC HAUTE 50MM"},"content":{"rendered":"<p>Pieds en bois tourn\u00e9 pour monter sur des tables et des meubles et les vendre bruts \u00e0 peindre ou finis. Le bois trouve son origine dans des plantations durables et certifi\u00e9es. Ce mod\u00e8le particulier est le MOD 5050 pied meuble sofa bois h\u00eatre laqu\u00e9 blanc ha<\/p>\n","protected":false},"excerpt":{"rendered":"<p>Pieds en bois tourn\u00e9 pour monter sur des tables et des meubles et les vendre bruts \u00e0 peindre ou finis. Le bois trouve son origine dans des plantations durables et certifi\u00e9es. Ce mod\u00e8le particulier est le MOD 5050 pied meuble sofa bois h\u00eatre laqu\u00e9 blanc ha<\/p>\n","protected":false},"featured_media":409173,"template":"","meta":{"_joinchat":[]},"product_brand":[],"product_cat":[1019],"product_tag":[],"class_list":{"0":"post-323137","1":"product","2":"type-product","3":"status-publish","4":"has-post-thumbnail","6":"product_cat-pieds-table-et-meuble","7":"pa_color-noir-poignees-boutons-pieds-meuble-portamanteaux-mur-porte","8":"pa_color-hetre-naturel-poignees-boutons-pieds-meuble-portamanteaux-mur-porte","9":"pa_color-blanc-poignees-boutons-pieds-meuble-portamanteaux-mur-porte","10":"pa_color-bois-brut-poignees-boutons-pieds-meuble-portamanteaux-mur-porte","11":"pa_color-wengue-poignees-boutons-pieds-meuble-portamanteaux-mur-porte","12":"pa_tendencia-pieds-de-meuble-cuisine","13":"pa_tendencia-pieds-pour-meuble-nordique-scandinave","15":"first","16":"instock","17":"taxable","18":"shipping-taxable","19":"purchasable","20":"product-type-variable","21":"has-default-attributes","22":"wvs-archive-product-wrapper"},"_links":{"self":[{"href":"https:\/\/www.pomoline.com\/fr\/wp-json\/wp\/v2\/product\/323137","targetHints":{"allow":["GET"]}}],"collection":[{"href":"https:\/\/www.pomoline.com\/fr\/wp-json\/wp\/v2\/product"}],"about":[{"href":"https:\/\/www.pomoline.com\/fr\/wp-json\/wp\/v2\/types\/product"}],"wp:featuredmedia":[{"embeddable":true,"href":"https:\/\/www.pomoline.com\/fr\/wp-json\/wp\/v2\/media\/409173"}],"wp:attachment":[{"href":"https:\/\/www.pomoline.com\/fr\/wp-json\/wp\/v2\/media?parent=323137"}],"wp:term":[{"taxonomy":"product_brand","embeddable":true,"href":"https:\/\/www.pomoline.com\/fr\/wp-json\/wp\/v2\/product_brand?post=323137"},{"taxonomy":"product_cat","embeddable":true,"href":"https:\/\/www.pomoline.com\/fr\/wp-json\/wp\/v2\/product_cat?post=323137"},{"taxonomy":"product_tag","embeddable":true,"href":"https:\/\/www.pomoline.com\/fr\/wp-json\/wp\/v2\/product_tag?post=323137"}],"curies":[{"name":"wp","href":"https:\/\/api.w.org\/{rel}","templated":true}]}}