{"id":323141,"date":"2024-04-27T13:13:04","date_gmt":"2024-04-27T11:13:04","guid":{"rendered":"https:\/\/www.pomoline.com\/web-pruebas\/producto\/tirador-mueble-pomo-caballito-mar-metal-fundicion-artesanal-cajonera\/"},"modified":"2025-03-13T22:56:00","modified_gmt":"2025-03-13T21:56:00","slug":"bouton-de-meuble-hippocampe-metal-fonderie-artisanale","status":"publish","type":"product","link":"https:\/\/www.pomoline.com\/fr\/produit\/bouton-de-meuble-hippocampe-metal-fonderie-artisanale\/","title":{"rendered":"BOUTON DE MEUBLE HIPPOCAMPE METAL FONDERIE ARTISANALE"},"content":{"rendered":"<p>Boutons en laiton vieilli et argent\u00e9 pour meubles rustiques et tiroirs d&rsquo;\u00e9poque. Ils sont tr\u00e8s attrayants pour les maisons avec une atmosph\u00e8re classique. Ce mod\u00e8le particulier est le MOD 505 bouton de meuble hippocampe metal fonderie artisanale<\/p>\n","protected":false},"excerpt":{"rendered":"<p>Boutons en laiton vieilli et argent\u00e9 pour meubles rustiques et tiroirs d&rsquo;\u00e9poque. Ils sont tr\u00e8s attrayants pour les maisons avec une atmosph\u00e8re classique. Ce mod\u00e8le particulier est le MOD 505 bouton de meuble hippocampe metal fonderie artisanale<\/p>\n","protected":false},"featured_media":409169,"template":"","meta":{"_joinchat":[]},"product_brand":[],"product_cat":[5189,979],"product_tag":[],"class_list":{"0":"post-323141","1":"product","2":"type-product","3":"status-publish","4":"has-post-thumbnail","6":"product_cat-boutons-et-poignees-tiroir-meuble","7":"product_cat-poignees-meuble-style-vintage-chic","8":"pa_color-vieux-bronze-poignees-boutons-pieds-meuble-portamanteaux-mur-porte","9":"pa_tendencia-pognees-meuble-art-deco","11":"first","12":"outofstock","13":"taxable","14":"shipping-taxable","15":"purchasable","16":"product-type-variable","17":"has-default-attributes","18":"wvs-archive-product-wrapper"},"_links":{"self":[{"href":"https:\/\/www.pomoline.com\/fr\/wp-json\/wp\/v2\/product\/323141","targetHints":{"allow":["GET"]}}],"collection":[{"href":"https:\/\/www.pomoline.com\/fr\/wp-json\/wp\/v2\/product"}],"about":[{"href":"https:\/\/www.pomoline.com\/fr\/wp-json\/wp\/v2\/types\/product"}],"wp:featuredmedia":[{"embeddable":true,"href":"https:\/\/www.pomoline.com\/fr\/wp-json\/wp\/v2\/media\/409169"}],"wp:attachment":[{"href":"https:\/\/www.pomoline.com\/fr\/wp-json\/wp\/v2\/media?parent=323141"}],"wp:term":[{"taxonomy":"product_brand","embeddable":true,"href":"https:\/\/www.pomoline.com\/fr\/wp-json\/wp\/v2\/product_brand?post=323141"},{"taxonomy":"product_cat","embeddable":true,"href":"https:\/\/www.pomoline.com\/fr\/wp-json\/wp\/v2\/product_cat?post=323141"},{"taxonomy":"product_tag","embeddable":true,"href":"https:\/\/www.pomoline.com\/fr\/wp-json\/wp\/v2\/product_tag?post=323141"}],"curies":[{"name":"wp","href":"https:\/\/api.w.org\/{rel}","templated":true}]}}