{"id":323145,"date":"2024-04-27T13:13:09","date_gmt":"2024-04-27T11:13:09","guid":{"rendered":"https:\/\/www.pomoline.com\/web-pruebas\/producto\/pata-mueble-sofa-madera-haya\/"},"modified":"2025-03-13T22:55:42","modified_gmt":"2025-03-13T21:55:42","slug":"pied-bois-hetre-cru-pieds-accessoires-meuble-chaise","status":"publish","type":"product","link":"https:\/\/www.pomoline.com\/fr\/produit\/pied-bois-hetre-cru-pieds-accessoires-meuble-chaise\/","title":{"rendered":"PIED BOIS H\u00caTRE CRU | PIEDS ACCESSOIRES MEUBLE CHAISE"},"content":{"rendered":"<p>Pieds en bois tourn\u00e9 pour monter sur des tables et des meubles et les vendre bruts \u00e0 peindre ou finis. Le bois trouve son origine dans des plantations durables et certifi\u00e9es. Ce mod\u00e8le particulier est le MOD 5049 pied bois h\u00eatre cru | pieds accessoires me<\/p>\n","protected":false},"excerpt":{"rendered":"<p>Pieds en bois tourn\u00e9 pour monter sur des tables et des meubles et les vendre bruts \u00e0 peindre ou finis. Le bois trouve son origine dans des plantations durables et certifi\u00e9es. Ce mod\u00e8le particulier est le MOD 5049 pied bois h\u00eatre cru | pieds accessoires me<\/p>\n","protected":false},"featured_media":409165,"template":"","meta":{"_joinchat":[]},"product_brand":[],"product_cat":[1019],"product_tag":[],"class_list":{"0":"post-323145","1":"product","2":"type-product","3":"status-publish","4":"has-post-thumbnail","6":"product_cat-pieds-table-et-meuble","7":"pa_color-hetre-naturel-poignees-boutons-pieds-meuble-portamanteaux-mur-porte","8":"pa_color-bois-brut-poignees-boutons-pieds-meuble-portamanteaux-mur-porte","9":"pa_color-wengue-poignees-boutons-pieds-meuble-portamanteaux-mur-porte","10":"pa_tendencia-pieds-de-meuble-cuisine","12":"first","13":"instock","14":"taxable","15":"shipping-taxable","16":"purchasable","17":"product-type-variable","18":"has-default-attributes","19":"wvs-archive-product-wrapper"},"_links":{"self":[{"href":"https:\/\/www.pomoline.com\/fr\/wp-json\/wp\/v2\/product\/323145","targetHints":{"allow":["GET"]}}],"collection":[{"href":"https:\/\/www.pomoline.com\/fr\/wp-json\/wp\/v2\/product"}],"about":[{"href":"https:\/\/www.pomoline.com\/fr\/wp-json\/wp\/v2\/types\/product"}],"wp:featuredmedia":[{"embeddable":true,"href":"https:\/\/www.pomoline.com\/fr\/wp-json\/wp\/v2\/media\/409165"}],"wp:attachment":[{"href":"https:\/\/www.pomoline.com\/fr\/wp-json\/wp\/v2\/media?parent=323145"}],"wp:term":[{"taxonomy":"product_brand","embeddable":true,"href":"https:\/\/www.pomoline.com\/fr\/wp-json\/wp\/v2\/product_brand?post=323145"},{"taxonomy":"product_cat","embeddable":true,"href":"https:\/\/www.pomoline.com\/fr\/wp-json\/wp\/v2\/product_cat?post=323145"},{"taxonomy":"product_tag","embeddable":true,"href":"https:\/\/www.pomoline.com\/fr\/wp-json\/wp\/v2\/product_tag?post=323145"}],"curies":[{"name":"wp","href":"https:\/\/api.w.org\/{rel}","templated":true}]}}