{"id":323153,"date":"2024-04-27T13:13:18","date_gmt":"2024-04-27T11:13:18","guid":{"rendered":"https:\/\/www.pomoline.com\/web-pruebas\/producto\/pata-mueble-madera-conica-haya-altura-150mm\/"},"modified":"2025-03-13T22:55:09","modified_gmt":"2025-03-13T21:55:09","slug":"pied-meuble-bois-conique-hetre-haute-150mm","status":"publish","type":"product","link":"https:\/\/www.pomoline.com\/fr\/produit\/pied-meuble-bois-conique-hetre-haute-150mm\/","title":{"rendered":"PIED MEUBLE BOIS CONIQUE H\u00caTRE HAUTE 150MM"},"content":{"rendered":"<p>Pieds en bois tourn\u00e9 pour monter sur des tables et des meubles et les vendre bruts \u00e0 peindre ou finis. Le bois trouve son origine dans des plantations durables et certifi\u00e9es. Ce mod\u00e8le particulier est le MOD 5047 pied meuble bois conique h\u00eatre haute 150mm<\/p>\n","protected":false},"excerpt":{"rendered":"<p>Pieds en bois tourn\u00e9 pour monter sur des tables et des meubles et les vendre bruts \u00e0 peindre ou finis. Le bois trouve son origine dans des plantations durables et certifi\u00e9es. Ce mod\u00e8le particulier est le MOD 5047 pied meuble bois conique h\u00eatre haute 150mm<\/p>\n","protected":false},"featured_media":409157,"template":"","meta":{"_joinchat":[]},"product_brand":[],"product_cat":[1019],"product_tag":[],"class_list":{"0":"post-323153","1":"product","2":"type-product","3":"status-publish","4":"has-post-thumbnail","6":"product_cat-pieds-table-et-meuble","7":"pa_color-noir-poignees-boutons-pieds-meuble-portamanteaux-mur-porte","8":"pa_color-hetre-naturel-poignees-boutons-pieds-meuble-portamanteaux-mur-porte","9":"pa_color-blanc-poignees-boutons-pieds-meuble-portamanteaux-mur-porte","10":"pa_color-bois-brut-poignees-boutons-pieds-meuble-portamanteaux-mur-porte","11":"pa_color-miel-de-hetre-poignees-boutons-pieds-meuble-portamanteaux-mur-porte","12":"pa_color-noyer-poignees-boutons-pieds-meuble-portamanteaux-mur-porte","13":"pa_tendencia-pieds-de-meuble-cuisine","14":"pa_tendencia-pieds-pour-meuble-nordique-scandinave","16":"first","17":"instock","18":"taxable","19":"shipping-taxable","20":"purchasable","21":"product-type-variable","22":"has-default-attributes","23":"wvs-archive-product-wrapper"},"_links":{"self":[{"href":"https:\/\/www.pomoline.com\/fr\/wp-json\/wp\/v2\/product\/323153","targetHints":{"allow":["GET"]}}],"collection":[{"href":"https:\/\/www.pomoline.com\/fr\/wp-json\/wp\/v2\/product"}],"about":[{"href":"https:\/\/www.pomoline.com\/fr\/wp-json\/wp\/v2\/types\/product"}],"wp:featuredmedia":[{"embeddable":true,"href":"https:\/\/www.pomoline.com\/fr\/wp-json\/wp\/v2\/media\/409157"}],"wp:attachment":[{"href":"https:\/\/www.pomoline.com\/fr\/wp-json\/wp\/v2\/media?parent=323153"}],"wp:term":[{"taxonomy":"product_brand","embeddable":true,"href":"https:\/\/www.pomoline.com\/fr\/wp-json\/wp\/v2\/product_brand?post=323153"},{"taxonomy":"product_cat","embeddable":true,"href":"https:\/\/www.pomoline.com\/fr\/wp-json\/wp\/v2\/product_cat?post=323153"},{"taxonomy":"product_tag","embeddable":true,"href":"https:\/\/www.pomoline.com\/fr\/wp-json\/wp\/v2\/product_tag?post=323153"}],"curies":[{"name":"wp","href":"https:\/\/api.w.org\/{rel}","templated":true}]}}