{"id":323173,"date":"2024-04-27T13:13:46","date_gmt":"2024-04-27T11:13:46","guid":{"rendered":"https:\/\/www.pomoline.com\/web-pruebas\/producto\/pata-mueble-madera-cuadrada-haya-altura-80mm\/"},"modified":"2025-03-13T22:53:41","modified_gmt":"2025-03-13T21:53:41","slug":"pied-meuble-bois-carre-hetre-haute-80mm","status":"publish","type":"product","link":"https:\/\/www.pomoline.com\/fr\/produit\/pied-meuble-bois-carre-hetre-haute-80mm\/","title":{"rendered":"PIED MEUBLE BOIS CARR\u00c9 H\u00caTRE HAUTE 80MM"},"content":{"rendered":"<p>Pieds en bois tourn\u00e9 pour monter sur des tables et des meubles et les vendre bruts \u00e0 peindre ou finis. Le bois trouve son origine dans des plantations durables et certifi\u00e9es. Ce mod\u00e8le particulier est le MOD 5041 pied meuble bois carr\u00e9 h\u00eatre haute 80mm<\/p>\n","protected":false},"excerpt":{"rendered":"<p>Pieds en bois tourn\u00e9 pour monter sur des tables et des meubles et les vendre bruts \u00e0 peindre ou finis. Le bois trouve son origine dans des plantations durables et certifi\u00e9es. Ce mod\u00e8le particulier est le MOD 5041 pied meuble bois carr\u00e9 h\u00eatre haute 80mm<\/p>\n","protected":false},"featured_media":409136,"template":"","meta":{"_joinchat":[]},"product_brand":[],"product_cat":[1019],"product_tag":[],"class_list":{"0":"post-323173","1":"product","2":"type-product","3":"status-publish","4":"has-post-thumbnail","6":"product_cat-pieds-table-et-meuble","7":"pa_color-noir-poignees-boutons-pieds-meuble-portamanteaux-mur-porte","8":"pa_color-blanc-poignees-boutons-pieds-meuble-portamanteaux-mur-porte","9":"pa_color-bois-brut-poignees-boutons-pieds-meuble-portamanteaux-mur-porte","10":"pa_tendencia-pieds-de-meuble-cuisine","11":"pa_tendencia-pieds-pour-meuble-nordique-scandinave","13":"first","14":"instock","15":"taxable","16":"shipping-taxable","17":"purchasable","18":"product-type-variable","19":"has-default-attributes","20":"wvs-archive-product-wrapper"},"_links":{"self":[{"href":"https:\/\/www.pomoline.com\/fr\/wp-json\/wp\/v2\/product\/323173","targetHints":{"allow":["GET"]}}],"collection":[{"href":"https:\/\/www.pomoline.com\/fr\/wp-json\/wp\/v2\/product"}],"about":[{"href":"https:\/\/www.pomoline.com\/fr\/wp-json\/wp\/v2\/types\/product"}],"wp:featuredmedia":[{"embeddable":true,"href":"https:\/\/www.pomoline.com\/fr\/wp-json\/wp\/v2\/media\/409136"}],"wp:attachment":[{"href":"https:\/\/www.pomoline.com\/fr\/wp-json\/wp\/v2\/media?parent=323173"}],"wp:term":[{"taxonomy":"product_brand","embeddable":true,"href":"https:\/\/www.pomoline.com\/fr\/wp-json\/wp\/v2\/product_brand?post=323173"},{"taxonomy":"product_cat","embeddable":true,"href":"https:\/\/www.pomoline.com\/fr\/wp-json\/wp\/v2\/product_cat?post=323173"},{"taxonomy":"product_tag","embeddable":true,"href":"https:\/\/www.pomoline.com\/fr\/wp-json\/wp\/v2\/product_tag?post=323173"}],"curies":[{"name":"wp","href":"https:\/\/api.w.org\/{rel}","templated":true}]}}