{"id":323189,"date":"2024-04-27T13:14:12","date_gmt":"2024-04-27T11:14:12","guid":{"rendered":"https:\/\/www.pomoline.com\/web-pruebas\/producto\/kit-4-patas-negras-cocina-para-modulos-armario-encimera-peso-elevado\/"},"modified":"2025-03-13T22:52:35","modified_gmt":"2025-03-13T21:52:35","slug":"kit-4-pieds-noir-cuisine-pour-modules-armoire-poids-lourds","status":"publish","type":"product","link":"https:\/\/www.pomoline.com\/fr\/produit\/kit-4-pieds-noir-cuisine-pour-modules-armoire-poids-lourds\/","title":{"rendered":"KIT 4 PIEDS NOIR CUISINE POUR MODULES ARMOIRE POIDS LOURDS"},"content":{"rendered":"<p>Pieds r\u00e9glables en plastique noir pour meubles et armoires de cuisine. Ils sont tr\u00e8s \u00e9conomiques mais tr\u00e8s r\u00e9sistants \u00e0 l&rsquo;humidit\u00e9 et au poids. Ce mod\u00e8le particulier est le MOD 5032 kit 4 pieds noir cuisine pour modules armoire poids lourds<\/p>\n","protected":false},"excerpt":{"rendered":"<p>Pieds r\u00e9glables en plastique noir pour meubles et armoires de cuisine. Ils sont tr\u00e8s \u00e9conomiques mais tr\u00e8s r\u00e9sistants \u00e0 l&rsquo;humidit\u00e9 et au poids. Ce mod\u00e8le particulier est le MOD 5032 kit 4 pieds noir cuisine pour modules armoire poids lourds<\/p>\n","protected":false},"featured_media":409120,"template":"","meta":{"_joinchat":[]},"product_brand":[],"product_cat":[1019],"product_tag":[],"class_list":{"0":"post-323189","1":"product","2":"type-product","3":"status-publish","4":"has-post-thumbnail","6":"product_cat-pieds-table-et-meuble","7":"pa_color-noir-poignees-boutons-pieds-meuble-portamanteaux-mur-porte","8":"pa_tendencia-pieds-de-meuble-cuisine","10":"first","11":"instock","12":"taxable","13":"shipping-taxable","14":"purchasable","15":"product-type-variable","16":"has-default-attributes","17":"wvs-archive-product-wrapper"},"_links":{"self":[{"href":"https:\/\/www.pomoline.com\/fr\/wp-json\/wp\/v2\/product\/323189","targetHints":{"allow":["GET"]}}],"collection":[{"href":"https:\/\/www.pomoline.com\/fr\/wp-json\/wp\/v2\/product"}],"about":[{"href":"https:\/\/www.pomoline.com\/fr\/wp-json\/wp\/v2\/types\/product"}],"wp:featuredmedia":[{"embeddable":true,"href":"https:\/\/www.pomoline.com\/fr\/wp-json\/wp\/v2\/media\/409120"}],"wp:attachment":[{"href":"https:\/\/www.pomoline.com\/fr\/wp-json\/wp\/v2\/media?parent=323189"}],"wp:term":[{"taxonomy":"product_brand","embeddable":true,"href":"https:\/\/www.pomoline.com\/fr\/wp-json\/wp\/v2\/product_brand?post=323189"},{"taxonomy":"product_cat","embeddable":true,"href":"https:\/\/www.pomoline.com\/fr\/wp-json\/wp\/v2\/product_cat?post=323189"},{"taxonomy":"product_tag","embeddable":true,"href":"https:\/\/www.pomoline.com\/fr\/wp-json\/wp\/v2\/product_tag?post=323189"}],"curies":[{"name":"wp","href":"https:\/\/api.w.org\/{rel}","templated":true}]}}