{"id":323241,"date":"2024-04-27T13:15:29","date_gmt":"2024-04-27T11:15:29","guid":{"rendered":"https:\/\/www.pomoline.com\/web-pruebas\/producto\/tapon-con-regulador-para-pata-abs-accesorios-patas-mueble\/"},"modified":"2025-03-13T22:48:25","modified_gmt":"2025-03-13T21:48:25","slug":"bouchon-avec-regulateur-pour-pied-abs-pieds-accessoires-meuble","status":"publish","type":"product","link":"https:\/\/www.pomoline.com\/fr\/produit\/bouchon-avec-regulateur-pour-pied-abs-pieds-accessoires-meuble\/","title":{"rendered":"BOUCHON AVEC R\u00c9GULATEUR POUR PIED ABS | PIEDS ACCESSOIRES MEUBLE"},"content":{"rendered":"<p>R\u00e9gulateurs de hauteur \u00e0 monter sur nos pieds en aluminium et en plastique. Ils vont beaucoup pour niveler la chaise, la table ou les meubles sur des sols in\u00e9gaux. Ce mod\u00e8le particulier est le MOD 5014 bouchon avec r\u00e9gulateur pour pied abs | pieds accesso<\/p>\n","protected":false},"excerpt":{"rendered":"<p>R\u00e9gulateurs de hauteur \u00e0 monter sur nos pieds en aluminium et en plastique. Ils vont beaucoup pour niveler la chaise, la table ou les meubles sur des sols in\u00e9gaux. Ce mod\u00e8le particulier est le MOD 5014 bouchon avec r\u00e9gulateur pour pied abs | pieds accesso<\/p>\n","protected":false},"featured_media":409068,"template":"","meta":{"_joinchat":[]},"product_brand":[],"product_cat":[1019],"product_tag":[],"class_list":{"0":"post-323241","1":"product","2":"type-product","3":"status-publish","4":"has-post-thumbnail","6":"product_cat-pieds-table-et-meuble","7":"pa_color-gris-poignees-boutons-pieds-meuble-portamanteaux-mur-porte","8":"pa_tendencia-pieds-de-meuble-cuisine","10":"first","11":"instock","12":"taxable","13":"shipping-taxable","14":"purchasable","15":"product-type-variable","16":"has-default-attributes","17":"wvs-archive-product-wrapper"},"_links":{"self":[{"href":"https:\/\/www.pomoline.com\/fr\/wp-json\/wp\/v2\/product\/323241","targetHints":{"allow":["GET"]}}],"collection":[{"href":"https:\/\/www.pomoline.com\/fr\/wp-json\/wp\/v2\/product"}],"about":[{"href":"https:\/\/www.pomoline.com\/fr\/wp-json\/wp\/v2\/types\/product"}],"wp:featuredmedia":[{"embeddable":true,"href":"https:\/\/www.pomoline.com\/fr\/wp-json\/wp\/v2\/media\/409068"}],"wp:attachment":[{"href":"https:\/\/www.pomoline.com\/fr\/wp-json\/wp\/v2\/media?parent=323241"}],"wp:term":[{"taxonomy":"product_brand","embeddable":true,"href":"https:\/\/www.pomoline.com\/fr\/wp-json\/wp\/v2\/product_brand?post=323241"},{"taxonomy":"product_cat","embeddable":true,"href":"https:\/\/www.pomoline.com\/fr\/wp-json\/wp\/v2\/product_cat?post=323241"},{"taxonomy":"product_tag","embeddable":true,"href":"https:\/\/www.pomoline.com\/fr\/wp-json\/wp\/v2\/product_tag?post=323241"}],"curies":[{"name":"wp","href":"https:\/\/api.w.org\/{rel}","templated":true}]}}