{"id":323297,"date":"2024-04-27T13:16:55","date_gmt":"2024-04-27T11:16:55","guid":{"rendered":"https:\/\/www.pomoline.com\/web-pruebas\/producto\/pata-redonda-aluminio-brillo-con-regulador-para-mueble\/"},"modified":"2025-03-13T22:44:04","modified_gmt":"2025-03-13T21:44:04","slug":"pied-rond-aluminium-brillant-pieds-meuble-avec-regulateur","status":"publish","type":"product","link":"https:\/\/www.pomoline.com\/fr\/produit\/pied-rond-aluminium-brillant-pieds-meuble-avec-regulateur\/","title":{"rendered":"PIED ROND ALUMINIUM BRILLANT | PIEDS MEUBLE AVEC R\u00c9GULATEUR"},"content":{"rendered":"<p>Pieds de meuble en aluminium mat et brillant. Ils sont tr\u00e8s modernes et peuvent \u00eatre install\u00e9s dans des meubles de cuisine. Ce mod\u00e8le particulier est le MOD 5003 pied rond aluminium brillant | pieds meuble avec r\u00e9gulateur<\/p>\n","protected":false},"excerpt":{"rendered":"<p>Pieds de meuble en aluminium mat et brillant. Ils sont tr\u00e8s modernes et peuvent \u00eatre install\u00e9s dans des meubles de cuisine. Ce mod\u00e8le particulier est le MOD 5003 pied rond aluminium brillant | pieds meuble avec r\u00e9gulateur<\/p>\n","protected":false},"featured_media":409012,"template":"","meta":{"_joinchat":[]},"product_brand":[],"product_cat":[1019],"product_tag":[],"class_list":{"0":"post-323297","1":"product","2":"type-product","3":"status-publish","4":"has-post-thumbnail","6":"product_cat-pieds-table-et-meuble","7":"pa_color-acier-inoxydable-poignees-boutons-pieds-meuble-portamanteaux-mur-porte","8":"pa_color-mate-aluminium-poignees-boutons-pieds-meuble-portamanteaux-mur-porte","9":"pa_color-aluminium-poli-poignees-boutons-pieds-meuble-portamanteaux-mur-porte","10":"pa_tendencia-pieds-de-meuble-cuisine","12":"first","13":"instock","14":"taxable","15":"shipping-taxable","16":"purchasable","17":"product-type-variable","18":"has-default-attributes","19":"wvs-archive-product-wrapper"},"_links":{"self":[{"href":"https:\/\/www.pomoline.com\/fr\/wp-json\/wp\/v2\/product\/323297","targetHints":{"allow":["GET"]}}],"collection":[{"href":"https:\/\/www.pomoline.com\/fr\/wp-json\/wp\/v2\/product"}],"about":[{"href":"https:\/\/www.pomoline.com\/fr\/wp-json\/wp\/v2\/types\/product"}],"wp:featuredmedia":[{"embeddable":true,"href":"https:\/\/www.pomoline.com\/fr\/wp-json\/wp\/v2\/media\/409012"}],"wp:attachment":[{"href":"https:\/\/www.pomoline.com\/fr\/wp-json\/wp\/v2\/media?parent=323297"}],"wp:term":[{"taxonomy":"product_brand","embeddable":true,"href":"https:\/\/www.pomoline.com\/fr\/wp-json\/wp\/v2\/product_brand?post=323297"},{"taxonomy":"product_cat","embeddable":true,"href":"https:\/\/www.pomoline.com\/fr\/wp-json\/wp\/v2\/product_cat?post=323297"},{"taxonomy":"product_tag","embeddable":true,"href":"https:\/\/www.pomoline.com\/fr\/wp-json\/wp\/v2\/product_tag?post=323297"}],"curies":[{"name":"wp","href":"https:\/\/api.w.org\/{rel}","templated":true}]}}