{"id":323309,"date":"2024-04-27T13:17:14","date_gmt":"2024-04-27T11:17:14","guid":{"rendered":"https:\/\/www.pomoline.com\/web-pruebas\/producto\/pata-cuadrada-abs-aluminio-mate-accesorios-patas-mueble\/"},"modified":"2025-03-13T22:43:15","modified_gmt":"2025-03-13T21:43:15","slug":"pied-carre-abs-aluminium-mat-pieds-accessoires-meuble","status":"publish","type":"product","link":"https:\/\/www.pomoline.com\/fr\/produit\/pied-carre-abs-aluminium-mat-pieds-accessoires-meuble\/","title":{"rendered":"PIED CARR\u00c9 ABS ALUMINIUM MAT | PIEDS ACCESSOIRES MEUBLE"},"content":{"rendered":"<p>Pieds modernes en plastique chrom\u00e9, noir et blanc pour meubles et table basse. Ce mod\u00e8le particulier est le MOD 5001 pied carr\u00e9 abs aluminium mat | pieds accessoires meuble<\/p>\n","protected":false},"excerpt":{"rendered":"<p>Pieds modernes en plastique chrom\u00e9, noir et blanc pour meubles et table basse. Ce mod\u00e8le particulier est le MOD 5001 pied carr\u00e9 abs aluminium mat | pieds accessoires meuble<\/p>\n","protected":false},"featured_media":409000,"template":"","meta":{"_joinchat":[]},"product_brand":[],"product_cat":[1019],"product_tag":[],"class_list":{"0":"post-323309","1":"product","2":"type-product","3":"status-publish","4":"has-post-thumbnail","6":"product_cat-pieds-table-et-meuble","7":"pa_color-noir-poignees-boutons-pieds-meuble-portamanteaux-mur-porte","8":"pa_color-blanc-poignees-boutons-pieds-meuble-portamanteaux-mur-porte","9":"pa_color-mate-aluminium-poignees-boutons-pieds-meuble-portamanteaux-mur-porte","10":"pa_tendencia-pieds-de-meuble-cuisine","12":"first","13":"instock","14":"taxable","15":"shipping-taxable","16":"purchasable","17":"product-type-variable","18":"has-default-attributes","19":"wvs-archive-product-wrapper"},"_links":{"self":[{"href":"https:\/\/www.pomoline.com\/fr\/wp-json\/wp\/v2\/product\/323309","targetHints":{"allow":["GET"]}}],"collection":[{"href":"https:\/\/www.pomoline.com\/fr\/wp-json\/wp\/v2\/product"}],"about":[{"href":"https:\/\/www.pomoline.com\/fr\/wp-json\/wp\/v2\/types\/product"}],"wp:featuredmedia":[{"embeddable":true,"href":"https:\/\/www.pomoline.com\/fr\/wp-json\/wp\/v2\/media\/409000"}],"wp:attachment":[{"href":"https:\/\/www.pomoline.com\/fr\/wp-json\/wp\/v2\/media?parent=323309"}],"wp:term":[{"taxonomy":"product_brand","embeddable":true,"href":"https:\/\/www.pomoline.com\/fr\/wp-json\/wp\/v2\/product_brand?post=323309"},{"taxonomy":"product_cat","embeddable":true,"href":"https:\/\/www.pomoline.com\/fr\/wp-json\/wp\/v2\/product_cat?post=323309"},{"taxonomy":"product_tag","embeddable":true,"href":"https:\/\/www.pomoline.com\/fr\/wp-json\/wp\/v2\/product_tag?post=323309"}],"curies":[{"name":"wp","href":"https:\/\/api.w.org\/{rel}","templated":true}]}}