{"id":323317,"date":"2024-04-27T13:17:23","date_gmt":"2024-04-27T11:17:23","guid":{"rendered":"https:\/\/www.pomoline.com\/web-pruebas\/producto\/tope-de-puerta-madera-lacada-colores-con-adhesivo-45x42x16mm\/"},"modified":"2025-03-13T22:42:56","modified_gmt":"2025-03-13T21:42:56","slug":"arret-de-porte-butoir-en-bois-peint-couleurs-avec-adhesif-45x42x16mm","status":"publish","type":"product","link":"https:\/\/www.pomoline.com\/fr\/produit\/arret-de-porte-butoir-en-bois-peint-couleurs-avec-adhesif-45x42x16mm\/","title":{"rendered":"ARR\u00caT DE PORTE BUTOIR EN BOIS PEINT COULEURS AVEC ADHESIF 45x42x16MM"},"content":{"rendered":"<p>Butoir arr\u00eat de portes en bois naturel certifi\u00e9 provenant de plantations contr\u00f4l\u00e9es et durables. L&rsquo;adh\u00e9sif pour parquet est tr\u00e8s adh\u00e9rent. Ce mod\u00e8le particulier est le MOD 497 COLOR arr\u00eat de porte butoir en bois peint couleurs avec adhesif 45x42x16mm<\/p>\n","protected":false},"excerpt":{"rendered":"<p>Butoir arr\u00eat de portes en bois naturel certifi\u00e9 provenant de plantations contr\u00f4l\u00e9es et durables. L&rsquo;adh\u00e9sif pour parquet est tr\u00e8s adh\u00e9rent. Ce mod\u00e8le particulier est le MOD 497 COLOR arr\u00eat de porte butoir en bois peint couleurs avec adhesif 45x42x16mm<\/p>\n","protected":false},"featured_media":408996,"template":"","meta":{"_joinchat":[]},"product_brand":[],"product_cat":[1027],"product_tag":[],"class_list":{"0":"post-323317","1":"product","2":"type-product","3":"status-publish","4":"has-post-thumbnail","6":"product_cat-butee-arret-de-porte","7":"pa_color-noir-poignees-boutons-pieds-meuble-portamanteaux-mur-porte","8":"pa_color-blanc-poignees-boutons-pieds-meuble-portamanteaux-mur-porte","9":"pa_color-beige-poignees-boutons-pieds-meuble-portamanteaux-mur-porte","10":"pa_color-marron-poignees-boutons-pieds-meuble-portamanteaux-mur-porte","11":"pa_color-magenta-poignees-boutons-pieds-meuble-portamanteaux-mur-porte","12":"pa_color-orange-poignees-boutons-pieds-meuble-portamanteaux-mur-porte","13":"pa_color-rouge-poignees-boutons-pieds-meuble-portamanteaux-mur-porte","14":"pa_color-vert-pistache-poignees-boutons-pieds-meuble-portamanteaux-mur-porte","15":"pa_tendencia-arret-butoir-porte-pour-sol","17":"first","18":"instock","19":"taxable","20":"shipping-taxable","21":"purchasable","22":"product-type-variable","23":"has-default-attributes","24":"wvs-archive-product-wrapper"},"_links":{"self":[{"href":"https:\/\/www.pomoline.com\/fr\/wp-json\/wp\/v2\/product\/323317","targetHints":{"allow":["GET"]}}],"collection":[{"href":"https:\/\/www.pomoline.com\/fr\/wp-json\/wp\/v2\/product"}],"about":[{"href":"https:\/\/www.pomoline.com\/fr\/wp-json\/wp\/v2\/types\/product"}],"wp:featuredmedia":[{"embeddable":true,"href":"https:\/\/www.pomoline.com\/fr\/wp-json\/wp\/v2\/media\/408996"}],"wp:attachment":[{"href":"https:\/\/www.pomoline.com\/fr\/wp-json\/wp\/v2\/media?parent=323317"}],"wp:term":[{"taxonomy":"product_brand","embeddable":true,"href":"https:\/\/www.pomoline.com\/fr\/wp-json\/wp\/v2\/product_brand?post=323317"},{"taxonomy":"product_cat","embeddable":true,"href":"https:\/\/www.pomoline.com\/fr\/wp-json\/wp\/v2\/product_cat?post=323317"},{"taxonomy":"product_tag","embeddable":true,"href":"https:\/\/www.pomoline.com\/fr\/wp-json\/wp\/v2\/product_tag?post=323317"}],"curies":[{"name":"wp","href":"https:\/\/api.w.org\/{rel}","templated":true}]}}