{"id":323357,"date":"2024-04-27T13:17:52","date_gmt":"2024-04-27T11:17:52","guid":{"rendered":"https:\/\/www.pomoline.com\/web-pruebas\/producto\/tope-de-puerta-madera-haya-natural-verde-con-adhesivo-37x31mm\/"},"modified":"2025-03-13T22:41:14","modified_gmt":"2025-03-13T21:41:14","slug":"arret-de-porte-butoir-en-bois-hetre-avec-adhesif-37x31mm","status":"publish","type":"product","link":"https:\/\/www.pomoline.com\/fr\/produit\/arret-de-porte-butoir-en-bois-hetre-avec-adhesif-37x31mm\/","title":{"rendered":"ARR\u00caT DE PORTE BUTOIR EN BOIS H\u00caTRE AVEC ADHESIF 37x31MM"},"content":{"rendered":"<p>Butoir arr\u00eat de portes en bois naturel certifi\u00e9 provenant de plantations contr\u00f4l\u00e9es et durables. L&rsquo;adh\u00e9sif pour parquet est tr\u00e8s adh\u00e9rent. Ce mod\u00e8le particulier est le MOD 495 arr\u00eat de porte butoir en bois h\u00eatre avec adhesif 37x31mm<\/p>\n","protected":false},"excerpt":{"rendered":"<p>Butoir arr\u00eat de portes en bois naturel certifi\u00e9 provenant de plantations contr\u00f4l\u00e9es et durables. L&rsquo;adh\u00e9sif pour parquet est tr\u00e8s adh\u00e9rent. Ce mod\u00e8le particulier est le MOD 495 arr\u00eat de porte butoir en bois h\u00eatre avec adhesif 37x31mm<\/p>\n","protected":false},"featured_media":408976,"template":"","meta":{"_joinchat":[]},"product_brand":[],"product_cat":[1027],"product_tag":[],"class_list":{"0":"post-323357","1":"product","2":"type-product","3":"status-publish","4":"has-post-thumbnail","6":"product_cat-butee-arret-de-porte","7":"pa_color-hetre-naturel-poignees-boutons-pieds-meuble-portamanteaux-mur-porte","8":"pa_color-chene-poignees-boutons-pieds-meuble-portamanteaux-mur-porte","9":"pa_color-miel-de-hetre-poignees-boutons-pieds-meuble-portamanteaux-mur-porte","10":"pa_color-vieux-cerisier-poignees-boutons-pieds-meuble-portamanteaux-mur-porte","11":"pa_tendencia-arret-butoir-porte-pour-sol","13":"first","14":"instock","15":"taxable","16":"shipping-taxable","17":"purchasable","18":"product-type-variable","19":"has-default-attributes","20":"wvs-archive-product-wrapper"},"_links":{"self":[{"href":"https:\/\/www.pomoline.com\/fr\/wp-json\/wp\/v2\/product\/323357","targetHints":{"allow":["GET"]}}],"collection":[{"href":"https:\/\/www.pomoline.com\/fr\/wp-json\/wp\/v2\/product"}],"about":[{"href":"https:\/\/www.pomoline.com\/fr\/wp-json\/wp\/v2\/types\/product"}],"wp:featuredmedia":[{"embeddable":true,"href":"https:\/\/www.pomoline.com\/fr\/wp-json\/wp\/v2\/media\/408976"}],"wp:attachment":[{"href":"https:\/\/www.pomoline.com\/fr\/wp-json\/wp\/v2\/media?parent=323357"}],"wp:term":[{"taxonomy":"product_brand","embeddable":true,"href":"https:\/\/www.pomoline.com\/fr\/wp-json\/wp\/v2\/product_brand?post=323357"},{"taxonomy":"product_cat","embeddable":true,"href":"https:\/\/www.pomoline.com\/fr\/wp-json\/wp\/v2\/product_cat?post=323357"},{"taxonomy":"product_tag","embeddable":true,"href":"https:\/\/www.pomoline.com\/fr\/wp-json\/wp\/v2\/product_tag?post=323357"}],"curies":[{"name":"wp","href":"https:\/\/api.w.org\/{rel}","templated":true}]}}