{"id":323369,"date":"2024-04-27T13:18:19","date_gmt":"2024-04-27T11:18:19","guid":{"rendered":"https:\/\/www.pomoline.com\/web-pruebas\/producto\/pomo-madera-de-mango-decapada-blanca-tiradores-vintage-mueble\/"},"modified":"2025-03-13T22:40:23","modified_gmt":"2025-03-13T21:40:23","slug":"bouton-bois-de-mango-blanc-poignee-meuble-shabby-chic-vintage","status":"publish","type":"product","link":"https:\/\/www.pomoline.com\/fr\/produit\/bouton-bois-de-mango-blanc-poignee-meuble-shabby-chic-vintage\/","title":{"rendered":"BOUTON BOIS DE MANGO D\u00c9CAP\u00c9 BLANC | POIGN\u00c9E MEUBLE SHABBY CHIC VINTAGE"},"content":{"rendered":"<p>Boutons de meubles en bois naturel avec pi\u00e8ce en m\u00e9tal qui donnent un tr\u00e8s bel air aux tiroirs et aux portes. Le bois est certifi\u00e9 et provient de pplatations contr\u00f4l\u00e9es et durables. Ce mod\u00e8le particulier est le MOD 452 bouton bois de mango d\u00e9cap\u00e9 blanc |<\/p>\n","protected":false},"excerpt":{"rendered":"<p>Boutons de meubles en bois naturel avec pi\u00e8ce en m\u00e9tal qui donnent un tr\u00e8s bel air aux tiroirs et aux portes. Le bois est certifi\u00e9 et provient de pplatations contr\u00f4l\u00e9es et durables. Ce mod\u00e8le particulier est le MOD 452 bouton bois de mango d\u00e9cap\u00e9 blanc |<\/p>\n","protected":false},"featured_media":408964,"template":"","meta":{"_joinchat":[]},"product_brand":[],"product_cat":[5189,975],"product_tag":[],"class_list":{"0":"post-323369","1":"product","2":"type-product","3":"status-publish","4":"has-post-thumbnail","6":"product_cat-boutons-et-poignees-tiroir-meuble","7":"product_cat-poignees-boutons-meuble-style-ethnique-rustique","8":"pa_color-blanc-poignees-boutons-pieds-meuble-portamanteaux-mur-porte","9":"pa_tendencia-boutons-poignees-meuble-shabby-chic","11":"first","12":"instock","13":"taxable","14":"shipping-taxable","15":"purchasable","16":"product-type-variable","17":"has-default-attributes","18":"wvs-archive-product-wrapper"},"_links":{"self":[{"href":"https:\/\/www.pomoline.com\/fr\/wp-json\/wp\/v2\/product\/323369","targetHints":{"allow":["GET"]}}],"collection":[{"href":"https:\/\/www.pomoline.com\/fr\/wp-json\/wp\/v2\/product"}],"about":[{"href":"https:\/\/www.pomoline.com\/fr\/wp-json\/wp\/v2\/types\/product"}],"wp:featuredmedia":[{"embeddable":true,"href":"https:\/\/www.pomoline.com\/fr\/wp-json\/wp\/v2\/media\/408964"}],"wp:attachment":[{"href":"https:\/\/www.pomoline.com\/fr\/wp-json\/wp\/v2\/media?parent=323369"}],"wp:term":[{"taxonomy":"product_brand","embeddable":true,"href":"https:\/\/www.pomoline.com\/fr\/wp-json\/wp\/v2\/product_brand?post=323369"},{"taxonomy":"product_cat","embeddable":true,"href":"https:\/\/www.pomoline.com\/fr\/wp-json\/wp\/v2\/product_cat?post=323369"},{"taxonomy":"product_tag","embeddable":true,"href":"https:\/\/www.pomoline.com\/fr\/wp-json\/wp\/v2\/product_tag?post=323369"}],"curies":[{"name":"wp","href":"https:\/\/api.w.org\/{rel}","templated":true}]}}