{"id":323429,"date":"2024-04-27T13:19:41","date_gmt":"2024-04-27T11:19:41","guid":{"rendered":"https:\/\/www.pomoline.com\/web-pruebas\/producto\/pomo-madera-laca-blanca-reloj-tiradores-diseno-retro-mueble-vintage\/"},"modified":"2025-03-13T22:35:54","modified_gmt":"2025-03-13T21:35:54","slug":"bouton-bois-blanc-horloge-blanc-pognee-meuble-retro-vintage-concept","status":"publish","type":"product","link":"https:\/\/www.pomoline.com\/fr\/produit\/bouton-bois-blanc-horloge-blanc-pognee-meuble-retro-vintage-concept\/","title":{"rendered":"BOUTON BOIS BLANC HORLOGE BLANC | POGN\u00c9E MEUBLE RETRO VINTAGE CONCEPT"},"content":{"rendered":"<p>Boutons de mobilier poign\u00e9es design r\u00e9tro vintage avec motif s\u00e9rigraphi\u00e9 dans une base en t\u00f4le sur boutons en m\u00e9tal ou en bois. Une fois assembl\u00e9s dans le tiroir, ils sont tr\u00e8s beaux. Ce mod\u00e8le particulier est le MOD 450A bouton bois blanc horloge blanc |<\/p>\n","protected":false},"excerpt":{"rendered":"<p>Boutons de mobilier poign\u00e9es design r\u00e9tro vintage avec motif s\u00e9rigraphi\u00e9 dans une base en t\u00f4le sur boutons en m\u00e9tal ou en bois. Une fois assembl\u00e9s dans le tiroir, ils sont tr\u00e8s beaux. Ce mod\u00e8le particulier est le MOD 450A bouton bois blanc horloge blanc |<\/p>\n","protected":false},"featured_media":408903,"template":"","meta":{"_joinchat":[]},"product_brand":[],"product_cat":[5189,1003],"product_tag":[],"class_list":{"0":"post-323429","1":"product","2":"type-product","3":"status-publish","4":"has-post-thumbnail","6":"product_cat-boutons-et-poignees-tiroir-meuble","7":"product_cat-poignees-meuble-style-retro","8":"pa_color-hetre-naturel-poignees-boutons-pieds-meuble-portamanteaux-mur-porte","9":"pa_color-blanc-poignees-boutons-pieds-meuble-portamanteaux-mur-porte","10":"pa_color-decape-blanc-poignees-boutons-pieds-meuble-portamanteaux-mur-porte","11":"pa_color-miel-de-hetre-poignees-boutons-pieds-meuble-portamanteaux-mur-porte","12":"pa_color-noyer-poignees-boutons-pieds-meuble-portamanteaux-mur-porte","13":"pa_tendencia-poignees-boutons-meuble-retro","15":"first","16":"instock","17":"taxable","18":"shipping-taxable","19":"purchasable","20":"product-type-variable","21":"has-default-attributes","22":"wvs-archive-product-wrapper"},"_links":{"self":[{"href":"https:\/\/www.pomoline.com\/fr\/wp-json\/wp\/v2\/product\/323429","targetHints":{"allow":["GET"]}}],"collection":[{"href":"https:\/\/www.pomoline.com\/fr\/wp-json\/wp\/v2\/product"}],"about":[{"href":"https:\/\/www.pomoline.com\/fr\/wp-json\/wp\/v2\/types\/product"}],"wp:featuredmedia":[{"embeddable":true,"href":"https:\/\/www.pomoline.com\/fr\/wp-json\/wp\/v2\/media\/408903"}],"wp:attachment":[{"href":"https:\/\/www.pomoline.com\/fr\/wp-json\/wp\/v2\/media?parent=323429"}],"wp:term":[{"taxonomy":"product_brand","embeddable":true,"href":"https:\/\/www.pomoline.com\/fr\/wp-json\/wp\/v2\/product_brand?post=323429"},{"taxonomy":"product_cat","embeddable":true,"href":"https:\/\/www.pomoline.com\/fr\/wp-json\/wp\/v2\/product_cat?post=323429"},{"taxonomy":"product_tag","embeddable":true,"href":"https:\/\/www.pomoline.com\/fr\/wp-json\/wp\/v2\/product_tag?post=323429"}],"curies":[{"name":"wp","href":"https:\/\/api.w.org\/{rel}","templated":true}]}}