{"id":323441,"date":"2024-04-27T13:20:03","date_gmt":"2024-04-27T11:20:03","guid":{"rendered":"https:\/\/www.pomoline.com\/web-pruebas\/producto\/pomo-tirador-bola-colores-madera-lacada\/"},"modified":"2025-03-13T22:34:57","modified_gmt":"2025-03-13T21:34:57","slug":"bouton-balle-meuble-tiroirs-en-bois-laque","status":"publish","type":"product","link":"https:\/\/www.pomoline.com\/fr\/produit\/bouton-balle-meuble-tiroirs-en-bois-laque\/","title":{"rendered":"BOUTON BALLE MEUBLE TIROIRS EN BOIS LAQU\u00c9"},"content":{"rendered":"<p>Bouton en bois laqu\u00e9 pour la chambre de b\u00e9b\u00e9 et les meubles pour enfants. Le bois est certifi\u00e9 et provient de pplatations contr\u00f4l\u00e9es et durables. Ce mod\u00e8le particulier est le MOD 445-COULEUR bouton balle meuble tiroirs en bois laqu\u00e9<\/p>\n","protected":false},"excerpt":{"rendered":"<p>Bouton en bois laqu\u00e9 pour la chambre de b\u00e9b\u00e9 et les meubles pour enfants. Le bois est certifi\u00e9 et provient de pplatations contr\u00f4l\u00e9es et durables. Ce mod\u00e8le particulier est le MOD 445-COULEUR bouton balle meuble tiroirs en bois laqu\u00e9<\/p>\n","protected":false},"featured_media":408891,"template":"","meta":{"_joinchat":[]},"product_brand":[],"product_cat":[995],"product_tag":[],"class_list":{"0":"post-323441","1":"product","2":"type-product","3":"status-publish","4":"has-post-thumbnail","6":"product_cat-boutons-meuble-pour-enfants-bebe","7":"pa_color-marron-poignees-boutons-pieds-meuble-portamanteaux-mur-porte","8":"pa_color-magenta-poignees-boutons-pieds-meuble-portamanteaux-mur-porte","9":"pa_color-orange-poignees-boutons-pieds-meuble-portamanteaux-mur-porte","10":"pa_color-vert-pistache-poignees-boutons-pieds-meuble-portamanteaux-mur-porte","11":"pa_tendencia-boutons-meuble-bebe-poignees-tiroir-chambre-enfants","12":"pa_tendencia-boutonts-et-poignees-meuble-pop","14":"first","15":"instock","16":"taxable","17":"shipping-taxable","18":"purchasable","19":"product-type-variable","20":"has-default-attributes","21":"wvs-archive-product-wrapper"},"_links":{"self":[{"href":"https:\/\/www.pomoline.com\/fr\/wp-json\/wp\/v2\/product\/323441","targetHints":{"allow":["GET"]}}],"collection":[{"href":"https:\/\/www.pomoline.com\/fr\/wp-json\/wp\/v2\/product"}],"about":[{"href":"https:\/\/www.pomoline.com\/fr\/wp-json\/wp\/v2\/types\/product"}],"wp:featuredmedia":[{"embeddable":true,"href":"https:\/\/www.pomoline.com\/fr\/wp-json\/wp\/v2\/media\/408891"}],"wp:attachment":[{"href":"https:\/\/www.pomoline.com\/fr\/wp-json\/wp\/v2\/media?parent=323441"}],"wp:term":[{"taxonomy":"product_brand","embeddable":true,"href":"https:\/\/www.pomoline.com\/fr\/wp-json\/wp\/v2\/product_brand?post=323441"},{"taxonomy":"product_cat","embeddable":true,"href":"https:\/\/www.pomoline.com\/fr\/wp-json\/wp\/v2\/product_cat?post=323441"},{"taxonomy":"product_tag","embeddable":true,"href":"https:\/\/www.pomoline.com\/fr\/wp-json\/wp\/v2\/product_tag?post=323441"}],"curies":[{"name":"wp","href":"https:\/\/api.w.org\/{rel}","templated":true}]}}