{"id":323449,"date":"2024-04-27T13:20:18","date_gmt":"2024-04-27T11:20:18","guid":{"rendered":"https:\/\/www.pomoline.com\/web-pruebas\/producto\/pomo-tirador-cuadrado-mueble-bebe-infantil-madera-lista-para-pintar\/"},"modified":"2025-03-13T22:34:24","modified_gmt":"2025-03-13T21:34:24","slug":"bouton-carre-meuble-bebe-tiroirs-enfants-en-bois-pret-a-peindre","status":"publish","type":"product","link":"https:\/\/www.pomoline.com\/fr\/produit\/bouton-carre-meuble-bebe-tiroirs-enfants-en-bois-pret-a-peindre\/","title":{"rendered":"BOUTON CARR\u00c9 MEUBLE B\u00c9B\u00c9 TIROIRS ENFANTS EN BOIS PR\u00caT \u00c0 PEINDRE"},"content":{"rendered":"<p>Boutons et poign\u00e9es en bois \u00e0 peindre vous-m\u00eame avec vos propres couleurs et brosses pour donner \u00e0 vos meubles la touche personnelle de votre maison pour les tiroirs et les armoires de la chambre des enfants. Ce mod\u00e8le particulier est le MOD 444 FONDO bou<\/p>\n","protected":false},"excerpt":{"rendered":"<p>Boutons et poign\u00e9es en bois \u00e0 peindre vous-m\u00eame avec vos propres couleurs et brosses pour donner \u00e0 vos meubles la touche personnelle de votre maison pour les tiroirs et les armoires de la chambre des enfants. Ce mod\u00e8le particulier est le MOD 444 FONDO bou<\/p>\n","protected":false},"featured_media":408883,"template":"","meta":{"_joinchat":[]},"product_brand":[],"product_cat":[995],"product_tag":[],"class_list":{"0":"post-323449","1":"product","2":"type-product","3":"status-publish","4":"has-post-thumbnail","6":"product_cat-boutons-meuble-pour-enfants-bebe","7":"pa_color-blanc-poignees-boutons-pieds-meuble-portamanteaux-mur-porte","8":"pa_tendencia-boutons-en-bois-pour-peindre","10":"first","11":"instock","12":"taxable","13":"shipping-taxable","14":"purchasable","15":"product-type-variable","16":"has-default-attributes","17":"wvs-archive-product-wrapper"},"_links":{"self":[{"href":"https:\/\/www.pomoline.com\/fr\/wp-json\/wp\/v2\/product\/323449","targetHints":{"allow":["GET"]}}],"collection":[{"href":"https:\/\/www.pomoline.com\/fr\/wp-json\/wp\/v2\/product"}],"about":[{"href":"https:\/\/www.pomoline.com\/fr\/wp-json\/wp\/v2\/types\/product"}],"wp:featuredmedia":[{"embeddable":true,"href":"https:\/\/www.pomoline.com\/fr\/wp-json\/wp\/v2\/media\/408883"}],"wp:attachment":[{"href":"https:\/\/www.pomoline.com\/fr\/wp-json\/wp\/v2\/media?parent=323449"}],"wp:term":[{"taxonomy":"product_brand","embeddable":true,"href":"https:\/\/www.pomoline.com\/fr\/wp-json\/wp\/v2\/product_brand?post=323449"},{"taxonomy":"product_cat","embeddable":true,"href":"https:\/\/www.pomoline.com\/fr\/wp-json\/wp\/v2\/product_cat?post=323449"},{"taxonomy":"product_tag","embeddable":true,"href":"https:\/\/www.pomoline.com\/fr\/wp-json\/wp\/v2\/product_tag?post=323449"}],"curies":[{"name":"wp","href":"https:\/\/api.w.org\/{rel}","templated":true}]}}