{"id":323453,"date":"2024-04-27T13:20:25","date_gmt":"2024-04-27T11:20:25","guid":{"rendered":"https:\/\/www.pomoline.com\/web-pruebas\/producto\/pomo-tirador-cuadrado-mueble-bebe-infantil-madera-lacada\/"},"modified":"2025-03-13T22:34:08","modified_gmt":"2025-03-13T21:34:08","slug":"bouton-carre-meuble-bebe-tiroirs-enfants-en-bois-laque","status":"publish","type":"product","link":"https:\/\/www.pomoline.com\/fr\/produit\/bouton-carre-meuble-bebe-tiroirs-enfants-en-bois-laque\/","title":{"rendered":"BOUTON CARR\u00c9 MEUBLE B\u00c9B\u00c9 TIROIRS ENFANTS EN BOIS LAQU\u00c9"},"content":{"rendered":"<p>Manche en bois laqu\u00e9 d&rsquo;origine, vous pourrez choisir la couleur qui s&rsquo;accordera le mieux \u00e0 la chambre de votre b\u00e9b\u00e9. Pour le placer, il int\u00e8gre une vis, vous pouvez donc remplacer les anciens boutons de votre commode par de nouveaux, et il semblera que vo<\/p>\n","protected":false},"excerpt":{"rendered":"<p>Manche en bois laqu\u00e9 d&rsquo;origine, vous pourrez choisir la couleur qui s&rsquo;accordera le mieux \u00e0 la chambre de votre b\u00e9b\u00e9. Pour le placer, il int\u00e8gre une vis, vous pouvez donc remplacer les anciens boutons de votre commode par de nouveaux, et il semblera que vo<\/p>\n","protected":false},"featured_media":408879,"template":"","meta":{"_joinchat":[]},"product_brand":[],"product_cat":[995],"product_tag":[],"class_list":{"0":"post-323453","1":"product","2":"type-product","3":"status-publish","4":"has-post-thumbnail","6":"product_cat-boutons-meuble-pour-enfants-bebe","7":"pa_color-blanc-poignees-boutons-pieds-meuble-portamanteaux-mur-porte","8":"pa_color-bleu-clair-poignees-boutons-pieds-meuble-portamanteaux-mur-porte","9":"pa_color-gris-poignees-boutons-pieds-meuble-portamanteaux-mur-porte","10":"pa_color-rose-poignees-boutons-pieds-meuble-portamanteaux-mur-porte","11":"pa_color-le-sable-poignees-boutons-pieds-meuble-portamanteaux-mur-porte","12":"pa_tendencia-boutons-meuble-bebe-poignees-tiroir-chambre-enfants","14":"first","15":"instock","16":"taxable","17":"shipping-taxable","18":"purchasable","19":"product-type-variable","20":"has-default-attributes","21":"wvs-archive-product-wrapper"},"_links":{"self":[{"href":"https:\/\/www.pomoline.com\/fr\/wp-json\/wp\/v2\/product\/323453","targetHints":{"allow":["GET"]}}],"collection":[{"href":"https:\/\/www.pomoline.com\/fr\/wp-json\/wp\/v2\/product"}],"about":[{"href":"https:\/\/www.pomoline.com\/fr\/wp-json\/wp\/v2\/types\/product"}],"wp:featuredmedia":[{"embeddable":true,"href":"https:\/\/www.pomoline.com\/fr\/wp-json\/wp\/v2\/media\/408879"}],"wp:attachment":[{"href":"https:\/\/www.pomoline.com\/fr\/wp-json\/wp\/v2\/media?parent=323453"}],"wp:term":[{"taxonomy":"product_brand","embeddable":true,"href":"https:\/\/www.pomoline.com\/fr\/wp-json\/wp\/v2\/product_brand?post=323453"},{"taxonomy":"product_cat","embeddable":true,"href":"https:\/\/www.pomoline.com\/fr\/wp-json\/wp\/v2\/product_cat?post=323453"},{"taxonomy":"product_tag","embeddable":true,"href":"https:\/\/www.pomoline.com\/fr\/wp-json\/wp\/v2\/product_tag?post=323453"}],"curies":[{"name":"wp","href":"https:\/\/api.w.org\/{rel}","templated":true}]}}