{"id":323481,"date":"2024-04-27T13:21:11","date_gmt":"2024-04-27T11:21:11","guid":{"rendered":"https:\/\/www.pomoline.com\/web-pruebas\/producto\/tirador-pomo-de-mueble-circulos-colores-madera-pintada-para-cajon\/"},"modified":"2025-03-13T22:32:08","modified_gmt":"2025-03-13T21:32:08","slug":"bouton-de-meuble-bleu-cercles-bois-painted-a-main","status":"publish","type":"product","link":"https:\/\/www.pomoline.com\/fr\/produit\/bouton-de-meuble-bleu-cercles-bois-painted-a-main\/","title":{"rendered":"BOUTON DE MEUBLE BLEU CERCLES BOIS PAINTED \u00c0 MAIN"},"content":{"rendered":"<p>Boutons de meubles en bois peints \u00e0 la main. Ils sont tr\u00e8s beaux et fi\u00e8re allure dans les tiroirs de la chambre des enfants. Ce mod\u00e8le particulier est le MOD 432 bouton de meuble bleu cercles bois painted \u00e0 main<\/p>\n","protected":false},"excerpt":{"rendered":"<p>Boutons de meubles en bois peints \u00e0 la main. Ils sont tr\u00e8s beaux et fi\u00e8re allure dans les tiroirs de la chambre des enfants. Ce mod\u00e8le particulier est le MOD 432 bouton de meuble bleu cercles bois painted \u00e0 main<\/p>\n","protected":false},"featured_media":408851,"template":"","meta":{"_joinchat":[]},"product_brand":[],"product_cat":[995],"product_tag":[],"class_list":{"0":"post-323481","1":"product","2":"type-product","3":"status-publish","4":"has-post-thumbnail","6":"product_cat-boutons-meuble-pour-enfants-bebe","7":"pa_color-bleu-clair-poignees-boutons-pieds-meuble-portamanteaux-mur-porte","8":"pa_color-lilas-poignees-boutons-pieds-meuble-portamanteaux-mur-porte","9":"pa_tendencia-boutons-meuble-enfants-poignees-tiroir-chambre","11":"first","12":"instock","13":"taxable","14":"shipping-taxable","15":"purchasable","16":"product-type-variable","17":"has-default-attributes","18":"wvs-archive-product-wrapper"},"_links":{"self":[{"href":"https:\/\/www.pomoline.com\/fr\/wp-json\/wp\/v2\/product\/323481","targetHints":{"allow":["GET"]}}],"collection":[{"href":"https:\/\/www.pomoline.com\/fr\/wp-json\/wp\/v2\/product"}],"about":[{"href":"https:\/\/www.pomoline.com\/fr\/wp-json\/wp\/v2\/types\/product"}],"wp:featuredmedia":[{"embeddable":true,"href":"https:\/\/www.pomoline.com\/fr\/wp-json\/wp\/v2\/media\/408851"}],"wp:attachment":[{"href":"https:\/\/www.pomoline.com\/fr\/wp-json\/wp\/v2\/media?parent=323481"}],"wp:term":[{"taxonomy":"product_brand","embeddable":true,"href":"https:\/\/www.pomoline.com\/fr\/wp-json\/wp\/v2\/product_brand?post=323481"},{"taxonomy":"product_cat","embeddable":true,"href":"https:\/\/www.pomoline.com\/fr\/wp-json\/wp\/v2\/product_cat?post=323481"},{"taxonomy":"product_tag","embeddable":true,"href":"https:\/\/www.pomoline.com\/fr\/wp-json\/wp\/v2\/product_tag?post=323481"}],"curies":[{"name":"wp","href":"https:\/\/api.w.org\/{rel}","templated":true}]}}